{"id":5268,"date":"2022-01-25T19:28:04","date_gmt":"2022-01-25T19:28:04","guid":{"rendered":"http:\/\/localhost\/shop\/?post_type=product&#038;p=5268"},"modified":"2023-03-23T20:06:25","modified_gmt":"2023-03-23T20:06:25","slug":"modulo-prefabricado-estandar-20-pies-2","status":"publish","type":"product","link":"https:\/\/econtainers.co\/shop\/product\/modulo-prefabricado-estandar-20-pies-2\/","title":{"rendered":"20 pies  M\u00f3dulo prefabricado Est\u00e1ndar"},"content":{"rendered":"<p>El m\u00f3dulo prefabricado Est\u00e1ndar de 20 pies est\u00e1 fabricado para ofrecer el mejor espacio de trabajo de acuerdo con las diversas necesidades de nuestros clientes. Son totalmente m\u00f3viles y f\u00e1ciles de ubicar en cualquier terreno gracias a su r\u00e1pido armado e instalaci\u00f3n.<\/p>\n","protected":false},"excerpt":{"rendered":"<p>El m\u00f3dulo prefabricado Est\u00e1ndar de 20 pies est\u00e1 fabricado para ofrecer el mejor espacio de trabajo de acuerdo con las diversas necesidades de nuestros clientes. Son totalmente m\u00f3viles y f\u00e1ciles de ubicar en cualquier terreno gracias a su r\u00e1pido armado e instalaci\u00f3n.<\/p>\n","protected":false},"featured_media":5263,"comment_status":"open","ping_status":"closed","template":"","meta":[],"product_cat":[537,73,64,594,526,76],"product_tag":[],"yoast_head":"<!-- This site is optimized with the Yoast SEO plugin v21.0 - https:\/\/yoast.com\/wordpress\/plugins\/seo\/ -->\n<title>20 pies M\u00f3dulo prefabricado Est\u00e1ndar - E-containers<\/title>\n<meta name=\"robots\" content=\"index, follow, max-snippet:-1, max-image-preview:large, max-video-preview:-1\" \/>\n<link rel=\"canonical\" href=\"https:\/\/econtainers.co\/shop\/product\/modulo-prefabricado-estandar-20-pies-2\/\" \/>\n<meta property=\"og:locale\" content=\"es_ES\" \/>\n<meta property=\"og:type\" content=\"article\" \/>\n<meta property=\"og:title\" content=\"20 pies M\u00f3dulo prefabricado Est\u00e1ndar - E-containers\" \/>\n<meta property=\"og:description\" content=\"El m\u00f3dulo prefabricado Est\u00e1ndar de 20 pies est\u00e1 fabricado para ofrecer el mejor espacio de trabajo de acuerdo con las diversas necesidades de nuestros clientes. Son totalmente m\u00f3viles y f\u00e1ciles de ubicar en cualquier terreno gracias a su r\u00e1pido armado e instalaci\u00f3n.\" \/>\n<meta property=\"og:url\" content=\"https:\/\/econtainers.co\/shop\/product\/modulo-prefabricado-estandar-20-pies-2\/\" \/>\n<meta property=\"og:site_name\" content=\"E-containers\" \/>\n<meta property=\"article:modified_time\" content=\"2023-03-23T20:06:25+00:00\" \/>\n<meta property=\"og:image\" content=\"https:\/\/econtainers.co\/shop\/wp-content\/uploads\/2022\/01\/Modulo-prefabricado-estandar-.png\" \/>\n\t<meta property=\"og:image:width\" content=\"960\" \/>\n\t<meta property=\"og:image:height\" content=\"679\" \/>\n\t<meta property=\"og:image:type\" content=\"image\/png\" \/>\n<meta name=\"twitter:card\" content=\"summary_large_image\" \/>\n<meta name=\"twitter:label1\" content=\"Tiempo estimado de lectura\" \/>\n\t<meta name=\"twitter:data1\" content=\"1 minuto\" \/>\n<script type=\"application\/ld+json\" class=\"yoast-schema-graph\">{\"@context\":\"https:\/\/schema.org\",\"@graph\":[{\"@type\":\"WebPage\",\"@id\":\"https:\/\/econtainers.co\/shop\/product\/modulo-prefabricado-estandar-20-pies-2\/\",\"url\":\"https:\/\/econtainers.co\/shop\/product\/modulo-prefabricado-estandar-20-pies-2\/\",\"name\":\"20 pies M\u00f3dulo prefabricado Est\u00e1ndar - E-containers\",\"isPartOf\":{\"@id\":\"https:\/\/econtainers.co\/shop\/#website\"},\"datePublished\":\"2022-01-25T19:28:04+00:00\",\"dateModified\":\"2023-03-23T20:06:25+00:00\",\"breadcrumb\":{\"@id\":\"https:\/\/econtainers.co\/shop\/product\/modulo-prefabricado-estandar-20-pies-2\/#breadcrumb\"},\"inLanguage\":\"es-CO\",\"potentialAction\":[{\"@type\":\"ReadAction\",\"target\":[\"https:\/\/econtainers.co\/shop\/product\/modulo-prefabricado-estandar-20-pies-2\/\"]}]},{\"@type\":\"BreadcrumbList\",\"@id\":\"https:\/\/econtainers.co\/shop\/product\/modulo-prefabricado-estandar-20-pies-2\/#breadcrumb\",\"itemListElement\":[{\"@type\":\"ListItem\",\"position\":1,\"name\":\"Shop\",\"item\":\"https:\/\/econtainers.co\/shop\/\"},{\"@type\":\"ListItem\",\"position\":2,\"name\":\"20 pies M\u00f3dulo prefabricado Est\u00e1ndar\"}]},{\"@type\":\"WebSite\",\"@id\":\"https:\/\/econtainers.co\/shop\/#website\",\"url\":\"https:\/\/econtainers.co\/shop\/\",\"name\":\"E-containers\",\"description\":\"Alquiler y venta de contenedores mar\u00edtimos, refrigerados y especializados\",\"publisher\":{\"@id\":\"https:\/\/econtainers.co\/shop\/#organization\"},\"potentialAction\":[{\"@type\":\"SearchAction\",\"target\":{\"@type\":\"EntryPoint\",\"urlTemplate\":\"https:\/\/econtainers.co\/shop\/?s={search_term_string}\"},\"query-input\":\"required name=search_term_string\"}],\"inLanguage\":\"es-CO\"},{\"@type\":\"Organization\",\"@id\":\"https:\/\/econtainers.co\/shop\/#organization\",\"name\":\"E-containers\",\"url\":\"https:\/\/econtainers.co\/shop\/\",\"logo\":{\"@type\":\"ImageObject\",\"inLanguage\":\"es-CO\",\"@id\":\"https:\/\/econtainers.co\/shop\/#\/schema\/logo\/image\/\",\"url\":\"https:\/\/econtainers.co\/shop\/wp-content\/uploads\/2021\/11\/cropped-favicon-32x32-1.png\",\"contentUrl\":\"https:\/\/econtainers.co\/shop\/wp-content\/uploads\/2021\/11\/cropped-favicon-32x32-1.png\",\"width\":32,\"height\":32,\"caption\":\"E-containers\"},\"image\":{\"@id\":\"https:\/\/econtainers.co\/shop\/#\/schema\/logo\/image\/\"},\"sameAs\":[\"https:\/\/www.instagram.com\/econtainers\/\"]}]}<\/script>\n<!-- \/ Yoast SEO plugin. -->","yoast_head_json":{"title":"20 pies M\u00f3dulo prefabricado Est\u00e1ndar - E-containers","robots":{"index":"index","follow":"follow","max-snippet":"max-snippet:-1","max-image-preview":"max-image-preview:large","max-video-preview":"max-video-preview:-1"},"canonical":"https:\/\/econtainers.co\/shop\/product\/modulo-prefabricado-estandar-20-pies-2\/","og_locale":"es_ES","og_type":"article","og_title":"20 pies M\u00f3dulo prefabricado Est\u00e1ndar - E-containers","og_description":"El m\u00f3dulo prefabricado Est\u00e1ndar de 20 pies est\u00e1 fabricado para ofrecer el mejor espacio de trabajo de acuerdo con las diversas necesidades de nuestros clientes. Son totalmente m\u00f3viles y f\u00e1ciles de ubicar en cualquier terreno gracias a su r\u00e1pido armado e instalaci\u00f3n.","og_url":"https:\/\/econtainers.co\/shop\/product\/modulo-prefabricado-estandar-20-pies-2\/","og_site_name":"E-containers","article_modified_time":"2023-03-23T20:06:25+00:00","og_image":[{"width":960,"height":679,"url":"https:\/\/econtainers.co\/shop\/wp-content\/uploads\/2022\/01\/Modulo-prefabricado-estandar-.png","type":"image\/png"}],"twitter_card":"summary_large_image","twitter_misc":{"Tiempo estimado de lectura":"1 minuto"},"schema":{"@context":"https:\/\/schema.org","@graph":[{"@type":"WebPage","@id":"https:\/\/econtainers.co\/shop\/product\/modulo-prefabricado-estandar-20-pies-2\/","url":"https:\/\/econtainers.co\/shop\/product\/modulo-prefabricado-estandar-20-pies-2\/","name":"20 pies M\u00f3dulo prefabricado Est\u00e1ndar - E-containers","isPartOf":{"@id":"https:\/\/econtainers.co\/shop\/#website"},"datePublished":"2022-01-25T19:28:04+00:00","dateModified":"2023-03-23T20:06:25+00:00","breadcrumb":{"@id":"https:\/\/econtainers.co\/shop\/product\/modulo-prefabricado-estandar-20-pies-2\/#breadcrumb"},"inLanguage":"es-CO","potentialAction":[{"@type":"ReadAction","target":["https:\/\/econtainers.co\/shop\/product\/modulo-prefabricado-estandar-20-pies-2\/"]}]},{"@type":"BreadcrumbList","@id":"https:\/\/econtainers.co\/shop\/product\/modulo-prefabricado-estandar-20-pies-2\/#breadcrumb","itemListElement":[{"@type":"ListItem","position":1,"name":"Shop","item":"https:\/\/econtainers.co\/shop\/"},{"@type":"ListItem","position":2,"name":"20 pies M\u00f3dulo prefabricado Est\u00e1ndar"}]},{"@type":"WebSite","@id":"https:\/\/econtainers.co\/shop\/#website","url":"https:\/\/econtainers.co\/shop\/","name":"E-containers","description":"Alquiler y venta de contenedores mar\u00edtimos, refrigerados y especializados","publisher":{"@id":"https:\/\/econtainers.co\/shop\/#organization"},"potentialAction":[{"@type":"SearchAction","target":{"@type":"EntryPoint","urlTemplate":"https:\/\/econtainers.co\/shop\/?s={search_term_string}"},"query-input":"required name=search_term_string"}],"inLanguage":"es-CO"},{"@type":"Organization","@id":"https:\/\/econtainers.co\/shop\/#organization","name":"E-containers","url":"https:\/\/econtainers.co\/shop\/","logo":{"@type":"ImageObject","inLanguage":"es-CO","@id":"https:\/\/econtainers.co\/shop\/#\/schema\/logo\/image\/","url":"https:\/\/econtainers.co\/shop\/wp-content\/uploads\/2021\/11\/cropped-favicon-32x32-1.png","contentUrl":"https:\/\/econtainers.co\/shop\/wp-content\/uploads\/2021\/11\/cropped-favicon-32x32-1.png","width":32,"height":32,"caption":"E-containers"},"image":{"@id":"https:\/\/econtainers.co\/shop\/#\/schema\/logo\/image\/"},"sameAs":["https:\/\/www.instagram.com\/econtainers\/"]}]}},"_links":{"self":[{"href":"https:\/\/econtainers.co\/shop\/wp-json\/wp\/v2\/product\/5268"}],"collection":[{"href":"https:\/\/econtainers.co\/shop\/wp-json\/wp\/v2\/product"}],"about":[{"href":"https:\/\/econtainers.co\/shop\/wp-json\/wp\/v2\/types\/product"}],"replies":[{"embeddable":true,"href":"https:\/\/econtainers.co\/shop\/wp-json\/wp\/v2\/comments?post=5268"}],"version-history":[{"count":2,"href":"https:\/\/econtainers.co\/shop\/wp-json\/wp\/v2\/product\/5268\/revisions"}],"predecessor-version":[{"id":6634,"href":"https:\/\/econtainers.co\/shop\/wp-json\/wp\/v2\/product\/5268\/revisions\/6634"}],"wp:featuredmedia":[{"embeddable":true,"href":"https:\/\/econtainers.co\/shop\/wp-json\/wp\/v2\/media\/5263"}],"wp:attachment":[{"href":"https:\/\/econtainers.co\/shop\/wp-json\/wp\/v2\/media?parent=5268"}],"wp:term":[{"taxonomy":"product_cat","embeddable":true,"href":"https:\/\/econtainers.co\/shop\/wp-json\/wp\/v2\/product_cat?post=5268"},{"taxonomy":"product_tag","embeddable":true,"href":"https:\/\/econtainers.co\/shop\/wp-json\/wp\/v2\/product_tag?post=5268"}],"curies":[{"name":"wp","href":"https:\/\/api.w.org\/{rel}","templated":true}]}}