{"id":326,"date":"2020-07-30T16:17:37","date_gmt":"2020-07-30T16:17:37","guid":{"rendered":"http:\/\/34.69.210.100\/?post_type=product&#038;p=326"},"modified":"2024-02-29T22:42:38","modified_gmt":"2024-02-29T22:42:38","slug":"sala-de-ventas-de-40-pies-2","status":"publish","type":"product","link":"https:\/\/econtainers.co\/shop\/product\/sala-de-ventas-de-40-pies-2\/","title":{"rendered":"Sala de ventas 40 pies"},"content":{"rendered":"<p><span data-sheets-value=\"{&quot;1&quot;:2,&quot;2&quot;:&quot;Los contenedores tipo sala de ventas son la soluci\u00f3n inmediata para lograr mayor visibilidad a tu obra, cuentan con laterales en vidrio ideales para aumentar la magnitud visual de tu proyecto y lograr la transici\u00f3n de un espacio com\u00fan a un centro de experiencia, con un dise\u00f1o creativo que cautiva a tus clientes por medio de los m\u00e1s altos est\u00e1ndares de calidad y con los mejores acabados.&quot;}\" data-sheets-userformat=\"{&quot;2&quot;:14787,&quot;3&quot;:{&quot;1&quot;:0,&quot;3&quot;:1},&quot;4&quot;:{&quot;1&quot;:2,&quot;2&quot;:14281427},&quot;9&quot;:1,&quot;10&quot;:1,&quot;11&quot;:4,&quot;14&quot;:{&quot;1&quot;:3,&quot;3&quot;:1},&quot;15&quot;:&quot;Arial&quot;,&quot;16&quot;:10}\">Los contenedores tipo sala de ventas son la soluci\u00f3n inmediata para lograr mayor visibilidad a tu obra, cuentan con laterales en vidrio ideales para aumentar la magnitud visual de tu proyecto y lograr la transici\u00f3n de un espacio com\u00fan a un centro de experiencia, con un dise\u00f1o creativo que cautiva a tus clientes por medio de los m\u00e1s altos est\u00e1ndares de calidad y con los mejores acabados.<\/span><\/p>\n<p><strong>Dimensiones<\/strong><\/p>\n<table class=\"table-dimensiones\">\n<tbody>\n<tr>\n<th><\/th>\n<th>Tama\u00f1o<\/th>\n<\/tr>\n<tr>\n<td class=\"tl\"><b>Largo<\/b><\/td>\n<td>12.190 mts<\/td>\n<\/tr>\n<tr>\n<td class=\"tl\"><b>Ancho<\/b><\/td>\n<td>2.43 mts<\/td>\n<\/tr>\n<tr>\n<td class=\"tl\"><b>Alto<\/b><\/td>\n<td>2.59 mts<\/td>\n<\/tr>\n<\/tbody>\n<\/table>\n","protected":false},"excerpt":{"rendered":"<p>Los contenedores tipo sala de ventas son la soluci\u00f3n inmediata para lograr mayor visibilidad a tu obra, cuentan con laterales en vidrio ideales para aumentar la magnitud visual de tu proyecto y lograr la transici\u00f3n de un espacio com\u00fan a un centro de experiencia, con un dise\u00f1o creativo que cautiva a tus clientes por medio [&hellip;]<\/p>\n","protected":false},"featured_media":6929,"comment_status":"open","ping_status":"closed","template":"","meta":[],"product_cat":[538,88,551,63,526,90,576,531,81,528],"product_tag":[],"yoast_head":"<!-- This site is optimized with the Yoast SEO plugin v21.0 - https:\/\/yoast.com\/wordpress\/plugins\/seo\/ -->\n<title>Sala de Ventas en Contenedor | Alquiler y Venta | Econtainers<\/title>\n<meta name=\"description\" content=\"Compra o alquila una sala de ventas en contenedores mar\u00edtimos modulares, desmontable, transportable y reutilizable. Env\u00edos a todos el pa\u00eds.\" \/>\n<meta name=\"robots\" content=\"index, follow, max-snippet:-1, max-image-preview:large, max-video-preview:-1\" \/>\n<link rel=\"canonical\" href=\"https:\/\/us.econtainers.co\/shop\/product\/sala-de-ventas-de-40-pies-2\/\" \/>\n<meta property=\"og:locale\" content=\"es_ES\" \/>\n<meta property=\"og:type\" content=\"article\" \/>\n<meta property=\"og:title\" content=\"Sala de Ventas en Contenedor | Alquiler y Venta | Econtainers\" \/>\n<meta property=\"og:description\" content=\"Compra o alquila una sala de ventas en contenedores mar\u00edtimos modulares, desmontable, transportable y reutilizable. Env\u00edos a todos el pa\u00eds.\" \/>\n<meta property=\"og:url\" content=\"https:\/\/us.econtainers.co\/shop\/product\/sala-de-ventas-de-40-pies-2\/\" \/>\n<meta property=\"og:site_name\" content=\"E-containers\" \/>\n<meta property=\"article:modified_time\" content=\"2024-02-29T22:42:38+00:00\" \/>\n<meta property=\"og:image\" content=\"https:\/\/us.econtainers.co\/shop\/wp-content\/uploads\/2020\/07\/sala-vent-2-as-1-1024x768.png\" \/>\n\t<meta property=\"og:image:width\" content=\"1024\" \/>\n\t<meta property=\"og:image:height\" content=\"768\" \/>\n\t<meta property=\"og:image:type\" content=\"image\/png\" \/>\n<meta name=\"twitter:card\" content=\"summary_large_image\" \/>\n<meta name=\"twitter:label1\" content=\"Tiempo estimado de lectura\" \/>\n\t<meta name=\"twitter:data1\" content=\"1 minuto\" \/>\n<script type=\"application\/ld+json\" class=\"yoast-schema-graph\">{\"@context\":\"https:\/\/schema.org\",\"@graph\":[{\"@type\":\"WebPage\",\"@id\":\"https:\/\/us.econtainers.co\/shop\/product\/sala-de-ventas-de-40-pies-2\/\",\"url\":\"https:\/\/us.econtainers.co\/shop\/product\/sala-de-ventas-de-40-pies-2\/\",\"name\":\"Sala de Ventas en Contenedor | Alquiler y Venta | Econtainers\",\"isPartOf\":{\"@id\":\"https:\/\/econtainers.co\/shop\/#website\"},\"datePublished\":\"2020-07-30T16:17:37+00:00\",\"dateModified\":\"2024-02-29T22:42:38+00:00\",\"description\":\"Compra o alquila una sala de ventas en contenedores mar\u00edtimos modulares, desmontable, transportable y reutilizable. Env\u00edos a todos el pa\u00eds.\",\"breadcrumb\":{\"@id\":\"https:\/\/us.econtainers.co\/shop\/product\/sala-de-ventas-de-40-pies-2\/#breadcrumb\"},\"inLanguage\":\"es-CO\",\"potentialAction\":[{\"@type\":\"ReadAction\",\"target\":[\"https:\/\/us.econtainers.co\/shop\/product\/sala-de-ventas-de-40-pies-2\/\"]}]},{\"@type\":\"BreadcrumbList\",\"@id\":\"https:\/\/us.econtainers.co\/shop\/product\/sala-de-ventas-de-40-pies-2\/#breadcrumb\",\"itemListElement\":[{\"@type\":\"ListItem\",\"position\":1,\"name\":\"Shop\",\"item\":\"https:\/\/econtainers.co\/shop\/\"},{\"@type\":\"ListItem\",\"position\":2,\"name\":\"Sala de ventas 40 pies\"}]},{\"@type\":\"WebSite\",\"@id\":\"https:\/\/econtainers.co\/shop\/#website\",\"url\":\"https:\/\/econtainers.co\/shop\/\",\"name\":\"E-containers\",\"description\":\"Alquiler y venta de contenedores mar\u00edtimos, refrigerados y especializados\",\"publisher\":{\"@id\":\"https:\/\/econtainers.co\/shop\/#organization\"},\"potentialAction\":[{\"@type\":\"SearchAction\",\"target\":{\"@type\":\"EntryPoint\",\"urlTemplate\":\"https:\/\/econtainers.co\/shop\/?s={search_term_string}\"},\"query-input\":\"required name=search_term_string\"}],\"inLanguage\":\"es-CO\"},{\"@type\":\"Organization\",\"@id\":\"https:\/\/econtainers.co\/shop\/#organization\",\"name\":\"E-containers\",\"url\":\"https:\/\/econtainers.co\/shop\/\",\"logo\":{\"@type\":\"ImageObject\",\"inLanguage\":\"es-CO\",\"@id\":\"https:\/\/econtainers.co\/shop\/#\/schema\/logo\/image\/\",\"url\":\"https:\/\/econtainers.co\/shop\/wp-content\/uploads\/2021\/11\/cropped-favicon-32x32-1.png\",\"contentUrl\":\"https:\/\/econtainers.co\/shop\/wp-content\/uploads\/2021\/11\/cropped-favicon-32x32-1.png\",\"width\":32,\"height\":32,\"caption\":\"E-containers\"},\"image\":{\"@id\":\"https:\/\/econtainers.co\/shop\/#\/schema\/logo\/image\/\"},\"sameAs\":[\"https:\/\/www.instagram.com\/econtainers\/\"]}]}<\/script>\n<!-- \/ Yoast SEO plugin. -->","yoast_head_json":{"title":"Sala de Ventas en Contenedor | Alquiler y Venta | Econtainers","description":"Compra o alquila una sala de ventas en contenedores mar\u00edtimos modulares, desmontable, transportable y reutilizable. Env\u00edos a todos el pa\u00eds.","robots":{"index":"index","follow":"follow","max-snippet":"max-snippet:-1","max-image-preview":"max-image-preview:large","max-video-preview":"max-video-preview:-1"},"canonical":"https:\/\/us.econtainers.co\/shop\/product\/sala-de-ventas-de-40-pies-2\/","og_locale":"es_ES","og_type":"article","og_title":"Sala de Ventas en Contenedor | Alquiler y Venta | Econtainers","og_description":"Compra o alquila una sala de ventas en contenedores mar\u00edtimos modulares, desmontable, transportable y reutilizable. Env\u00edos a todos el pa\u00eds.","og_url":"https:\/\/us.econtainers.co\/shop\/product\/sala-de-ventas-de-40-pies-2\/","og_site_name":"E-containers","article_modified_time":"2024-02-29T22:42:38+00:00","og_image":[{"width":1024,"height":768,"url":"https:\/\/us.econtainers.co\/shop\/wp-content\/uploads\/2020\/07\/sala-vent-2-as-1-1024x768.png","type":"image\/png"}],"twitter_card":"summary_large_image","twitter_misc":{"Tiempo estimado de lectura":"1 minuto"},"schema":{"@context":"https:\/\/schema.org","@graph":[{"@type":"WebPage","@id":"https:\/\/us.econtainers.co\/shop\/product\/sala-de-ventas-de-40-pies-2\/","url":"https:\/\/us.econtainers.co\/shop\/product\/sala-de-ventas-de-40-pies-2\/","name":"Sala de Ventas en Contenedor | Alquiler y Venta | Econtainers","isPartOf":{"@id":"https:\/\/econtainers.co\/shop\/#website"},"datePublished":"2020-07-30T16:17:37+00:00","dateModified":"2024-02-29T22:42:38+00:00","description":"Compra o alquila una sala de ventas en contenedores mar\u00edtimos modulares, desmontable, transportable y reutilizable. Env\u00edos a todos el pa\u00eds.","breadcrumb":{"@id":"https:\/\/us.econtainers.co\/shop\/product\/sala-de-ventas-de-40-pies-2\/#breadcrumb"},"inLanguage":"es-CO","potentialAction":[{"@type":"ReadAction","target":["https:\/\/us.econtainers.co\/shop\/product\/sala-de-ventas-de-40-pies-2\/"]}]},{"@type":"BreadcrumbList","@id":"https:\/\/us.econtainers.co\/shop\/product\/sala-de-ventas-de-40-pies-2\/#breadcrumb","itemListElement":[{"@type":"ListItem","position":1,"name":"Shop","item":"https:\/\/econtainers.co\/shop\/"},{"@type":"ListItem","position":2,"name":"Sala de ventas 40 pies"}]},{"@type":"WebSite","@id":"https:\/\/econtainers.co\/shop\/#website","url":"https:\/\/econtainers.co\/shop\/","name":"E-containers","description":"Alquiler y venta de contenedores mar\u00edtimos, refrigerados y especializados","publisher":{"@id":"https:\/\/econtainers.co\/shop\/#organization"},"potentialAction":[{"@type":"SearchAction","target":{"@type":"EntryPoint","urlTemplate":"https:\/\/econtainers.co\/shop\/?s={search_term_string}"},"query-input":"required name=search_term_string"}],"inLanguage":"es-CO"},{"@type":"Organization","@id":"https:\/\/econtainers.co\/shop\/#organization","name":"E-containers","url":"https:\/\/econtainers.co\/shop\/","logo":{"@type":"ImageObject","inLanguage":"es-CO","@id":"https:\/\/econtainers.co\/shop\/#\/schema\/logo\/image\/","url":"https:\/\/econtainers.co\/shop\/wp-content\/uploads\/2021\/11\/cropped-favicon-32x32-1.png","contentUrl":"https:\/\/econtainers.co\/shop\/wp-content\/uploads\/2021\/11\/cropped-favicon-32x32-1.png","width":32,"height":32,"caption":"E-containers"},"image":{"@id":"https:\/\/econtainers.co\/shop\/#\/schema\/logo\/image\/"},"sameAs":["https:\/\/www.instagram.com\/econtainers\/"]}]}},"_links":{"self":[{"href":"https:\/\/econtainers.co\/shop\/wp-json\/wp\/v2\/product\/326"}],"collection":[{"href":"https:\/\/econtainers.co\/shop\/wp-json\/wp\/v2\/product"}],"about":[{"href":"https:\/\/econtainers.co\/shop\/wp-json\/wp\/v2\/types\/product"}],"replies":[{"embeddable":true,"href":"https:\/\/econtainers.co\/shop\/wp-json\/wp\/v2\/comments?post=326"}],"version-history":[{"count":5,"href":"https:\/\/econtainers.co\/shop\/wp-json\/wp\/v2\/product\/326\/revisions"}],"predecessor-version":[{"id":6706,"href":"https:\/\/econtainers.co\/shop\/wp-json\/wp\/v2\/product\/326\/revisions\/6706"}],"wp:featuredmedia":[{"embeddable":true,"href":"https:\/\/econtainers.co\/shop\/wp-json\/wp\/v2\/media\/6929"}],"wp:attachment":[{"href":"https:\/\/econtainers.co\/shop\/wp-json\/wp\/v2\/media?parent=326"}],"wp:term":[{"taxonomy":"product_cat","embeddable":true,"href":"https:\/\/econtainers.co\/shop\/wp-json\/wp\/v2\/product_cat?post=326"},{"taxonomy":"product_tag","embeddable":true,"href":"https:\/\/econtainers.co\/shop\/wp-json\/wp\/v2\/product_tag?post=326"}],"curies":[{"name":"wp","href":"https:\/\/api.w.org\/{rel}","templated":true}]}}