{"id":258,"date":"2020-07-30T14:34:48","date_gmt":"2020-07-30T14:34:48","guid":{"rendered":"http:\/\/34.69.210.100\/?post_type=product&#038;p=258"},"modified":"2024-12-26T15:54:51","modified_gmt":"2024-12-26T15:54:51","slug":"contenedor-maritimo-de-20-pies-usado-2","status":"publish","type":"product","link":"https:\/\/econtainers.co\/shop\/product\/contenedor-maritimo-de-20-pies-usado-2\/","title":{"rendered":"20 pies Contenedor mar\u00edtimo Usado"},"content":{"rendered":"<p>Adem\u00e1s de la venta de contenedores usados en excelentes condiciones, ofrecemos el alquiler de contenedores para quienes buscan una soluci\u00f3n temporal y eficiente. Si est\u00e1s buscando un contenedor a buen precio, vendemos containers usados con opciones que se ajustan a tus necesidades. Contamos con una amplia selecci\u00f3n de contenedores en venta, todos verificados y reacondicionados para asegurar su durabilidad y funcionalidad en cualquier tipo de operaci\u00f3n log\u00edstica.<\/p>\n","protected":false},"excerpt":{"rendered":"<p>Adem\u00e1s de la venta de contenedores usados en excelentes condiciones, ofrecemos el alquiler de contenedores para quienes buscan una soluci\u00f3n temporal y eficiente. Si est\u00e1s buscando un contenedor a buen precio, vendemos containers usados con opciones que se ajustan a tus necesidades. Contamos con una amplia selecci\u00f3n de contenedores en venta, todos verificados y reacondicionados [&hellip;]<\/p>\n","protected":false},"featured_media":6205,"comment_status":"closed","ping_status":"closed","template":"","meta":[],"product_cat":[537,554,520,63,529,574,519,528,527,89],"product_tag":[],"yoast_head":"<!-- This site is optimized with the Yoast SEO plugin v21.0 - https:\/\/yoast.com\/wordpress\/plugins\/seo\/ -->\n<title>Contenedor Mar\u00edtimo 20 Pies | Venta | Econtainers<\/title>\n<meta name=\"description\" content=\"Compra tu contenedor mar\u00edtimo de 20 pies en Colombia. En Econtainers podr\u00e1s hacerlo online, compra y alquila y aqu\u00ed. Env\u00edos a Colombia\" \/>\n<meta name=\"robots\" content=\"index, follow, max-snippet:-1, max-image-preview:large, max-video-preview:-1\" \/>\n<link rel=\"canonical\" href=\"https:\/\/econtainers.co\/shop\/product\/contenedor-maritimo-de-20-pies-usado-2\/\" \/>\n<meta property=\"og:locale\" content=\"es_ES\" \/>\n<meta property=\"og:type\" content=\"article\" \/>\n<meta property=\"og:title\" content=\"Contenedor Mar\u00edtimo 20 Pies | Venta | Econtainers\" \/>\n<meta property=\"og:description\" content=\"Compra tu contenedor mar\u00edtimo de 20 pies en Colombia. En Econtainers podr\u00e1s hacerlo online, compra y alquila y aqu\u00ed. Env\u00edos a Colombia\" \/>\n<meta property=\"og:url\" content=\"https:\/\/econtainers.co\/shop\/product\/contenedor-maritimo-de-20-pies-usado-2\/\" \/>\n<meta property=\"og:site_name\" content=\"E-containers\" \/>\n<meta property=\"article:modified_time\" content=\"2024-12-26T15:54:51+00:00\" \/>\n<meta property=\"og:image\" content=\"https:\/\/econtainers.co\/shop\/wp-content\/uploads\/2020\/07\/3.jpg\" \/>\n\t<meta property=\"og:image:width\" content=\"960\" \/>\n\t<meta property=\"og:image:height\" content=\"679\" \/>\n\t<meta property=\"og:image:type\" content=\"image\/jpeg\" \/>\n<meta name=\"twitter:card\" content=\"summary_large_image\" \/>\n<meta name=\"twitter:label1\" content=\"Tiempo estimado de lectura\" \/>\n\t<meta name=\"twitter:data1\" content=\"1 minuto\" \/>\n<script type=\"application\/ld+json\" class=\"yoast-schema-graph\">{\"@context\":\"https:\/\/schema.org\",\"@graph\":[{\"@type\":\"WebPage\",\"@id\":\"https:\/\/econtainers.co\/shop\/product\/contenedor-maritimo-de-20-pies-usado-2\/\",\"url\":\"https:\/\/econtainers.co\/shop\/product\/contenedor-maritimo-de-20-pies-usado-2\/\",\"name\":\"Contenedor Mar\u00edtimo 20 Pies | Venta | Econtainers\",\"isPartOf\":{\"@id\":\"https:\/\/econtainers.co\/shop\/#website\"},\"datePublished\":\"2020-07-30T14:34:48+00:00\",\"dateModified\":\"2024-12-26T15:54:51+00:00\",\"description\":\"Compra tu contenedor mar\u00edtimo de 20 pies en Colombia. En Econtainers podr\u00e1s hacerlo online, compra y alquila y aqu\u00ed. Env\u00edos a Colombia\",\"breadcrumb\":{\"@id\":\"https:\/\/econtainers.co\/shop\/product\/contenedor-maritimo-de-20-pies-usado-2\/#breadcrumb\"},\"inLanguage\":\"es-CO\",\"potentialAction\":[{\"@type\":\"ReadAction\",\"target\":[\"https:\/\/econtainers.co\/shop\/product\/contenedor-maritimo-de-20-pies-usado-2\/\"]}]},{\"@type\":\"BreadcrumbList\",\"@id\":\"https:\/\/econtainers.co\/shop\/product\/contenedor-maritimo-de-20-pies-usado-2\/#breadcrumb\",\"itemListElement\":[{\"@type\":\"ListItem\",\"position\":1,\"name\":\"Shop\",\"item\":\"https:\/\/econtainers.co\/shop\/\"},{\"@type\":\"ListItem\",\"position\":2,\"name\":\"20 pies Contenedor mar\u00edtimo Usado\"}]},{\"@type\":\"WebSite\",\"@id\":\"https:\/\/econtainers.co\/shop\/#website\",\"url\":\"https:\/\/econtainers.co\/shop\/\",\"name\":\"E-containers\",\"description\":\"Alquiler y venta de contenedores mar\u00edtimos, refrigerados y especializados\",\"publisher\":{\"@id\":\"https:\/\/econtainers.co\/shop\/#organization\"},\"potentialAction\":[{\"@type\":\"SearchAction\",\"target\":{\"@type\":\"EntryPoint\",\"urlTemplate\":\"https:\/\/econtainers.co\/shop\/?s={search_term_string}\"},\"query-input\":\"required name=search_term_string\"}],\"inLanguage\":\"es-CO\"},{\"@type\":\"Organization\",\"@id\":\"https:\/\/econtainers.co\/shop\/#organization\",\"name\":\"E-containers\",\"url\":\"https:\/\/econtainers.co\/shop\/\",\"logo\":{\"@type\":\"ImageObject\",\"inLanguage\":\"es-CO\",\"@id\":\"https:\/\/econtainers.co\/shop\/#\/schema\/logo\/image\/\",\"url\":\"https:\/\/econtainers.co\/shop\/wp-content\/uploads\/2021\/11\/cropped-favicon-32x32-1.png\",\"contentUrl\":\"https:\/\/econtainers.co\/shop\/wp-content\/uploads\/2021\/11\/cropped-favicon-32x32-1.png\",\"width\":32,\"height\":32,\"caption\":\"E-containers\"},\"image\":{\"@id\":\"https:\/\/econtainers.co\/shop\/#\/schema\/logo\/image\/\"},\"sameAs\":[\"https:\/\/www.instagram.com\/econtainers\/\"]}]}<\/script>\n<!-- \/ Yoast SEO plugin. -->","yoast_head_json":{"title":"Contenedor Mar\u00edtimo 20 Pies | Venta | Econtainers","description":"Compra tu contenedor mar\u00edtimo de 20 pies en Colombia. En Econtainers podr\u00e1s hacerlo online, compra y alquila y aqu\u00ed. Env\u00edos a Colombia","robots":{"index":"index","follow":"follow","max-snippet":"max-snippet:-1","max-image-preview":"max-image-preview:large","max-video-preview":"max-video-preview:-1"},"canonical":"https:\/\/econtainers.co\/shop\/product\/contenedor-maritimo-de-20-pies-usado-2\/","og_locale":"es_ES","og_type":"article","og_title":"Contenedor Mar\u00edtimo 20 Pies | Venta | Econtainers","og_description":"Compra tu contenedor mar\u00edtimo de 20 pies en Colombia. En Econtainers podr\u00e1s hacerlo online, compra y alquila y aqu\u00ed. Env\u00edos a Colombia","og_url":"https:\/\/econtainers.co\/shop\/product\/contenedor-maritimo-de-20-pies-usado-2\/","og_site_name":"E-containers","article_modified_time":"2024-12-26T15:54:51+00:00","og_image":[{"width":960,"height":679,"url":"https:\/\/econtainers.co\/shop\/wp-content\/uploads\/2020\/07\/3.jpg","type":"image\/jpeg"}],"twitter_card":"summary_large_image","twitter_misc":{"Tiempo estimado de lectura":"1 minuto"},"schema":{"@context":"https:\/\/schema.org","@graph":[{"@type":"WebPage","@id":"https:\/\/econtainers.co\/shop\/product\/contenedor-maritimo-de-20-pies-usado-2\/","url":"https:\/\/econtainers.co\/shop\/product\/contenedor-maritimo-de-20-pies-usado-2\/","name":"Contenedor Mar\u00edtimo 20 Pies | Venta | Econtainers","isPartOf":{"@id":"https:\/\/econtainers.co\/shop\/#website"},"datePublished":"2020-07-30T14:34:48+00:00","dateModified":"2024-12-26T15:54:51+00:00","description":"Compra tu contenedor mar\u00edtimo de 20 pies en Colombia. En Econtainers podr\u00e1s hacerlo online, compra y alquila y aqu\u00ed. Env\u00edos a Colombia","breadcrumb":{"@id":"https:\/\/econtainers.co\/shop\/product\/contenedor-maritimo-de-20-pies-usado-2\/#breadcrumb"},"inLanguage":"es-CO","potentialAction":[{"@type":"ReadAction","target":["https:\/\/econtainers.co\/shop\/product\/contenedor-maritimo-de-20-pies-usado-2\/"]}]},{"@type":"BreadcrumbList","@id":"https:\/\/econtainers.co\/shop\/product\/contenedor-maritimo-de-20-pies-usado-2\/#breadcrumb","itemListElement":[{"@type":"ListItem","position":1,"name":"Shop","item":"https:\/\/econtainers.co\/shop\/"},{"@type":"ListItem","position":2,"name":"20 pies Contenedor mar\u00edtimo Usado"}]},{"@type":"WebSite","@id":"https:\/\/econtainers.co\/shop\/#website","url":"https:\/\/econtainers.co\/shop\/","name":"E-containers","description":"Alquiler y venta de contenedores mar\u00edtimos, refrigerados y especializados","publisher":{"@id":"https:\/\/econtainers.co\/shop\/#organization"},"potentialAction":[{"@type":"SearchAction","target":{"@type":"EntryPoint","urlTemplate":"https:\/\/econtainers.co\/shop\/?s={search_term_string}"},"query-input":"required name=search_term_string"}],"inLanguage":"es-CO"},{"@type":"Organization","@id":"https:\/\/econtainers.co\/shop\/#organization","name":"E-containers","url":"https:\/\/econtainers.co\/shop\/","logo":{"@type":"ImageObject","inLanguage":"es-CO","@id":"https:\/\/econtainers.co\/shop\/#\/schema\/logo\/image\/","url":"https:\/\/econtainers.co\/shop\/wp-content\/uploads\/2021\/11\/cropped-favicon-32x32-1.png","contentUrl":"https:\/\/econtainers.co\/shop\/wp-content\/uploads\/2021\/11\/cropped-favicon-32x32-1.png","width":32,"height":32,"caption":"E-containers"},"image":{"@id":"https:\/\/econtainers.co\/shop\/#\/schema\/logo\/image\/"},"sameAs":["https:\/\/www.instagram.com\/econtainers\/"]}]}},"_links":{"self":[{"href":"https:\/\/econtainers.co\/shop\/wp-json\/wp\/v2\/product\/258"}],"collection":[{"href":"https:\/\/econtainers.co\/shop\/wp-json\/wp\/v2\/product"}],"about":[{"href":"https:\/\/econtainers.co\/shop\/wp-json\/wp\/v2\/types\/product"}],"replies":[{"embeddable":true,"href":"https:\/\/econtainers.co\/shop\/wp-json\/wp\/v2\/comments?post=258"}],"version-history":[{"count":8,"href":"https:\/\/econtainers.co\/shop\/wp-json\/wp\/v2\/product\/258\/revisions"}],"predecessor-version":[{"id":7111,"href":"https:\/\/econtainers.co\/shop\/wp-json\/wp\/v2\/product\/258\/revisions\/7111"}],"wp:featuredmedia":[{"embeddable":true,"href":"https:\/\/econtainers.co\/shop\/wp-json\/wp\/v2\/media\/6205"}],"wp:attachment":[{"href":"https:\/\/econtainers.co\/shop\/wp-json\/wp\/v2\/media?parent=258"}],"wp:term":[{"taxonomy":"product_cat","embeddable":true,"href":"https:\/\/econtainers.co\/shop\/wp-json\/wp\/v2\/product_cat?post=258"},{"taxonomy":"product_tag","embeddable":true,"href":"https:\/\/econtainers.co\/shop\/wp-json\/wp\/v2\/product_tag?post=258"}],"curies":[{"name":"wp","href":"https:\/\/api.w.org\/{rel}","templated":true}]}}