{"id":235,"date":"2020-07-30T14:07:41","date_gmt":"2020-07-30T14:07:41","guid":{"rendered":"http:\/\/34.69.210.100\/?post_type=product&#038;p=235"},"modified":"2023-05-17T22:08:58","modified_gmt":"2023-05-17T22:08:58","slug":"contenedor-maritimo-de-20-pies-nuevo","status":"publish","type":"product","link":"https:\/\/econtainers.co\/shop\/product\/contenedor-maritimo-de-20-pies-nuevo\/","title":{"rendered":"20 pies Nuevo"},"content":{"rendered":"<p><span data-sheets-value=\"{&quot;1&quot;:2,&quot;2&quot;:&quot;El contenedor maritimo de 20ft est\u00e1 dise\u00f1ado para ofrecer el mejor servicio de transporte de mercanc\u00eda, bodegaje y almacenaje de acuerdo con lasdiversas necesidades de nuestros clientes. &quot;}\" data-sheets-userformat=\"{&quot;2&quot;:14787,&quot;3&quot;:{&quot;1&quot;:0,&quot;3&quot;:1},&quot;4&quot;:{&quot;1&quot;:2,&quot;2&quot;:13228792},&quot;9&quot;:1,&quot;10&quot;:1,&quot;11&quot;:4,&quot;14&quot;:{&quot;1&quot;:3,&quot;3&quot;:1},&quot;15&quot;:&quot;Arial&quot;,&quot;16&quot;:10}\">El contenedor mar\u00edtimo de 20ft est\u00e1 dise\u00f1ado para ofrecer el mejor servicio de transporte de mercanc\u00eda, bodegaje y almacenaje de acuerdo con las diversas necesidades de nuestros clientes. <\/span><\/p>\n<p><strong> Dimensiones <\/strong><\/p>\n<table class=\"table-dimensiones\">\n<tbody>\n<tr>\n<th><\/th>\n<th>Tama\u00f1o<\/th>\n<\/tr>\n<tr>\n<td class=\"tl\"><b>Largo<\/b><\/td>\n<td>6.05 mts<\/td>\n<\/tr>\n<tr>\n<td class=\"tl\"><b>Ancho<\/b><\/td>\n<td>2.42 mts<\/td>\n<\/tr>\n<tr>\n<td class=\"tl\"><b>Alto<\/b><\/td>\n<td>2.59 mts<\/td>\n<\/tr>\n<\/tbody>\n<\/table>\n","protected":false},"excerpt":{"rendered":"<p>El contenedor mar\u00edtimo de 20ft est\u00e1 dise\u00f1ado para ofrecer el mejor servicio de transporte de mercanc\u00eda, bodegaje y almacenaje de acuerdo con las diversas necesidades de nuestros clientes. Dimensiones Tama\u00f1o Largo 6.05 mts Ancho 2.42 mts Alto 2.59 mts<\/p>\n","protected":false},"featured_media":6204,"comment_status":"open","ping_status":"closed","template":"","meta":[],"product_cat":[537,73,554,64,526,76,529,581,65,528],"product_tag":[],"yoast_head":"<!-- This site is optimized with the Yoast SEO plugin v21.0 - https:\/\/yoast.com\/wordpress\/plugins\/seo\/ -->\n<title>Contenedor Mar\u00edtimo de 20 Pies | Nuevo | Econtainers<\/title>\n<meta name=\"description\" content=\"Venta y alquiler de contenedores de 20 pies nuevos. Contenedores de 40 pies y 40 HC. Atendemos todo Colombia.\" \/>\n<meta name=\"robots\" content=\"index, follow, max-snippet:-1, max-image-preview:large, max-video-preview:-1\" \/>\n<link rel=\"canonical\" href=\"https:\/\/econtainers.co\/shop\/product\/contenedor-maritimo-de-20-pies-nuevo\/\" \/>\n<meta property=\"og:locale\" content=\"es_ES\" \/>\n<meta property=\"og:type\" content=\"article\" \/>\n<meta property=\"og:title\" content=\"Contenedor Mar\u00edtimo de 20 Pies | Nuevo | Econtainers\" \/>\n<meta property=\"og:description\" content=\"Venta y alquiler de contenedores de 20 pies nuevos. Contenedores de 40 pies y 40 HC. Atendemos todo Colombia.\" \/>\n<meta property=\"og:url\" content=\"https:\/\/econtainers.co\/shop\/product\/contenedor-maritimo-de-20-pies-nuevo\/\" \/>\n<meta property=\"og:site_name\" content=\"E-containers\" \/>\n<meta property=\"article:modified_time\" content=\"2023-05-17T22:08:58+00:00\" \/>\n<meta property=\"og:image\" content=\"https:\/\/econtainers.co\/shop\/wp-content\/uploads\/2020\/07\/2-1.jpg\" \/>\n\t<meta property=\"og:image:width\" content=\"960\" \/>\n\t<meta property=\"og:image:height\" content=\"679\" \/>\n\t<meta property=\"og:image:type\" content=\"image\/jpeg\" \/>\n<meta name=\"twitter:card\" content=\"summary_large_image\" \/>\n<meta name=\"twitter:label1\" content=\"Tiempo estimado de lectura\" \/>\n\t<meta name=\"twitter:data1\" content=\"1 minuto\" \/>\n<script type=\"application\/ld+json\" class=\"yoast-schema-graph\">{\"@context\":\"https:\/\/schema.org\",\"@graph\":[{\"@type\":\"WebPage\",\"@id\":\"https:\/\/econtainers.co\/shop\/product\/contenedor-maritimo-de-20-pies-nuevo\/\",\"url\":\"https:\/\/econtainers.co\/shop\/product\/contenedor-maritimo-de-20-pies-nuevo\/\",\"name\":\"Contenedor Mar\u00edtimo de 20 Pies | Nuevo | Econtainers\",\"isPartOf\":{\"@id\":\"https:\/\/econtainers.co\/shop\/#website\"},\"datePublished\":\"2020-07-30T14:07:41+00:00\",\"dateModified\":\"2023-05-17T22:08:58+00:00\",\"description\":\"Venta y alquiler de contenedores de 20 pies nuevos. Contenedores de 40 pies y 40 HC. Atendemos todo Colombia.\",\"breadcrumb\":{\"@id\":\"https:\/\/econtainers.co\/shop\/product\/contenedor-maritimo-de-20-pies-nuevo\/#breadcrumb\"},\"inLanguage\":\"es-CO\",\"potentialAction\":[{\"@type\":\"ReadAction\",\"target\":[\"https:\/\/econtainers.co\/shop\/product\/contenedor-maritimo-de-20-pies-nuevo\/\"]}]},{\"@type\":\"BreadcrumbList\",\"@id\":\"https:\/\/econtainers.co\/shop\/product\/contenedor-maritimo-de-20-pies-nuevo\/#breadcrumb\",\"itemListElement\":[{\"@type\":\"ListItem\",\"position\":1,\"name\":\"Shop\",\"item\":\"https:\/\/econtainers.co\/shop\/\"},{\"@type\":\"ListItem\",\"position\":2,\"name\":\"20 pies Nuevo\"}]},{\"@type\":\"WebSite\",\"@id\":\"https:\/\/econtainers.co\/shop\/#website\",\"url\":\"https:\/\/econtainers.co\/shop\/\",\"name\":\"E-containers\",\"description\":\"Alquiler y venta de contenedores mar\u00edtimos, refrigerados y especializados\",\"publisher\":{\"@id\":\"https:\/\/econtainers.co\/shop\/#organization\"},\"potentialAction\":[{\"@type\":\"SearchAction\",\"target\":{\"@type\":\"EntryPoint\",\"urlTemplate\":\"https:\/\/econtainers.co\/shop\/?s={search_term_string}\"},\"query-input\":\"required name=search_term_string\"}],\"inLanguage\":\"es-CO\"},{\"@type\":\"Organization\",\"@id\":\"https:\/\/econtainers.co\/shop\/#organization\",\"name\":\"E-containers\",\"url\":\"https:\/\/econtainers.co\/shop\/\",\"logo\":{\"@type\":\"ImageObject\",\"inLanguage\":\"es-CO\",\"@id\":\"https:\/\/econtainers.co\/shop\/#\/schema\/logo\/image\/\",\"url\":\"https:\/\/econtainers.co\/shop\/wp-content\/uploads\/2021\/11\/cropped-favicon-32x32-1.png\",\"contentUrl\":\"https:\/\/econtainers.co\/shop\/wp-content\/uploads\/2021\/11\/cropped-favicon-32x32-1.png\",\"width\":32,\"height\":32,\"caption\":\"E-containers\"},\"image\":{\"@id\":\"https:\/\/econtainers.co\/shop\/#\/schema\/logo\/image\/\"},\"sameAs\":[\"https:\/\/www.instagram.com\/econtainers\/\"]}]}<\/script>\n<!-- \/ Yoast SEO plugin. -->","yoast_head_json":{"title":"Contenedor Mar\u00edtimo de 20 Pies | Nuevo | Econtainers","description":"Venta y alquiler de contenedores de 20 pies nuevos. Contenedores de 40 pies y 40 HC. Atendemos todo Colombia.","robots":{"index":"index","follow":"follow","max-snippet":"max-snippet:-1","max-image-preview":"max-image-preview:large","max-video-preview":"max-video-preview:-1"},"canonical":"https:\/\/econtainers.co\/shop\/product\/contenedor-maritimo-de-20-pies-nuevo\/","og_locale":"es_ES","og_type":"article","og_title":"Contenedor Mar\u00edtimo de 20 Pies | Nuevo | Econtainers","og_description":"Venta y alquiler de contenedores de 20 pies nuevos. Contenedores de 40 pies y 40 HC. Atendemos todo Colombia.","og_url":"https:\/\/econtainers.co\/shop\/product\/contenedor-maritimo-de-20-pies-nuevo\/","og_site_name":"E-containers","article_modified_time":"2023-05-17T22:08:58+00:00","og_image":[{"width":960,"height":679,"url":"https:\/\/econtainers.co\/shop\/wp-content\/uploads\/2020\/07\/2-1.jpg","type":"image\/jpeg"}],"twitter_card":"summary_large_image","twitter_misc":{"Tiempo estimado de lectura":"1 minuto"},"schema":{"@context":"https:\/\/schema.org","@graph":[{"@type":"WebPage","@id":"https:\/\/econtainers.co\/shop\/product\/contenedor-maritimo-de-20-pies-nuevo\/","url":"https:\/\/econtainers.co\/shop\/product\/contenedor-maritimo-de-20-pies-nuevo\/","name":"Contenedor Mar\u00edtimo de 20 Pies | Nuevo | Econtainers","isPartOf":{"@id":"https:\/\/econtainers.co\/shop\/#website"},"datePublished":"2020-07-30T14:07:41+00:00","dateModified":"2023-05-17T22:08:58+00:00","description":"Venta y alquiler de contenedores de 20 pies nuevos. Contenedores de 40 pies y 40 HC. Atendemos todo Colombia.","breadcrumb":{"@id":"https:\/\/econtainers.co\/shop\/product\/contenedor-maritimo-de-20-pies-nuevo\/#breadcrumb"},"inLanguage":"es-CO","potentialAction":[{"@type":"ReadAction","target":["https:\/\/econtainers.co\/shop\/product\/contenedor-maritimo-de-20-pies-nuevo\/"]}]},{"@type":"BreadcrumbList","@id":"https:\/\/econtainers.co\/shop\/product\/contenedor-maritimo-de-20-pies-nuevo\/#breadcrumb","itemListElement":[{"@type":"ListItem","position":1,"name":"Shop","item":"https:\/\/econtainers.co\/shop\/"},{"@type":"ListItem","position":2,"name":"20 pies Nuevo"}]},{"@type":"WebSite","@id":"https:\/\/econtainers.co\/shop\/#website","url":"https:\/\/econtainers.co\/shop\/","name":"E-containers","description":"Alquiler y venta de contenedores mar\u00edtimos, refrigerados y especializados","publisher":{"@id":"https:\/\/econtainers.co\/shop\/#organization"},"potentialAction":[{"@type":"SearchAction","target":{"@type":"EntryPoint","urlTemplate":"https:\/\/econtainers.co\/shop\/?s={search_term_string}"},"query-input":"required name=search_term_string"}],"inLanguage":"es-CO"},{"@type":"Organization","@id":"https:\/\/econtainers.co\/shop\/#organization","name":"E-containers","url":"https:\/\/econtainers.co\/shop\/","logo":{"@type":"ImageObject","inLanguage":"es-CO","@id":"https:\/\/econtainers.co\/shop\/#\/schema\/logo\/image\/","url":"https:\/\/econtainers.co\/shop\/wp-content\/uploads\/2021\/11\/cropped-favicon-32x32-1.png","contentUrl":"https:\/\/econtainers.co\/shop\/wp-content\/uploads\/2021\/11\/cropped-favicon-32x32-1.png","width":32,"height":32,"caption":"E-containers"},"image":{"@id":"https:\/\/econtainers.co\/shop\/#\/schema\/logo\/image\/"},"sameAs":["https:\/\/www.instagram.com\/econtainers\/"]}]}},"_links":{"self":[{"href":"https:\/\/econtainers.co\/shop\/wp-json\/wp\/v2\/product\/235"}],"collection":[{"href":"https:\/\/econtainers.co\/shop\/wp-json\/wp\/v2\/product"}],"about":[{"href":"https:\/\/econtainers.co\/shop\/wp-json\/wp\/v2\/types\/product"}],"replies":[{"embeddable":true,"href":"https:\/\/econtainers.co\/shop\/wp-json\/wp\/v2\/comments?post=235"}],"version-history":[{"count":5,"href":"https:\/\/econtainers.co\/shop\/wp-json\/wp\/v2\/product\/235\/revisions"}],"predecessor-version":[{"id":6685,"href":"https:\/\/econtainers.co\/shop\/wp-json\/wp\/v2\/product\/235\/revisions\/6685"}],"wp:featuredmedia":[{"embeddable":true,"href":"https:\/\/econtainers.co\/shop\/wp-json\/wp\/v2\/media\/6204"}],"wp:attachment":[{"href":"https:\/\/econtainers.co\/shop\/wp-json\/wp\/v2\/media?parent=235"}],"wp:term":[{"taxonomy":"product_cat","embeddable":true,"href":"https:\/\/econtainers.co\/shop\/wp-json\/wp\/v2\/product_cat?post=235"},{"taxonomy":"product_tag","embeddable":true,"href":"https:\/\/econtainers.co\/shop\/wp-json\/wp\/v2\/product_tag?post=235"}],"curies":[{"name":"wp","href":"https:\/\/api.w.org\/{rel}","templated":true}]}}