{"id":4791,"date":"2021-11-23T16:49:00","date_gmt":"2021-11-23T16:49:00","guid":{"rendered":"http:\/\/localhost\/shop\/?page_id=4791"},"modified":"2023-09-06T16:55:34","modified_gmt":"2023-09-06T16:55:34","slug":"cart","status":"publish","type":"page","link":"https:\/\/econtainers.co\/shop\/cart\/","title":{"rendered":"Cart"},"content":{"rendered":"\t\t<div data-elementor-type=\"wp-page\" data-elementor-id=\"4791\" class=\"elementor elementor-4791\" data-elementor-settings=\"[]\">\n\t\t\t\t\t\t<div class=\"elementor-inner\">\n\t\t\t\t\t\t\t<div class=\"elementor-section-wrap\">\n\t\t\t\t\t\t\t<section class=\"elementor-section elementor-top-section elementor-element elementor-element-6c27ea3 elementor-section-boxed elementor-section-height-default elementor-section-height-default\" data-id=\"6c27ea3\" data-element_type=\"section\" data-settings=\"{&quot;background_background&quot;:&quot;classic&quot;}\">\n\t\t\t\t\t\t<div class=\"elementor-container elementor-column-gap-default\">\n\t\t\t\t\t\t\t<div class=\"elementor-row\">\n\t\t\t\t\t<div class=\"elementor-column elementor-col-100 elementor-top-column elementor-element elementor-element-50e9975 elementor-hidden-mobile\" data-id=\"50e9975\" data-element_type=\"column\">\n\t\t\t<div class=\"elementor-column-wrap elementor-element-populated\">\n\t\t\t\t\t\t\t<div class=\"elementor-widget-wrap\">\n\t\t\t\t\t\t<div class=\"elementor-element elementor-element-f82bee7 elementor-widget elementor-widget-image\" data-id=\"f82bee7\" data-element_type=\"widget\" data-widget_type=\"image.default\">\n\t\t\t\t<div class=\"elementor-widget-container\">\n\t\t\t\t\t\t\t\t<div class=\"elementor-image\">\n\t\t\t\t\t\t\t\t\t\t\t\t<img decoding=\"async\" src=\"https:\/\/econtainers.co\/shop\/wp-content\/uploads\/2023\/09\/1.png\" title=\"1\" alt=\"1\" \/>\t\t\t\t\t\t\t\t\t\t\t\t\t\t<\/div>\n\t\t\t\t\t\t<\/div>\n\t\t\t\t<\/div>\n\t\t\t\t\t\t<\/div>\n\t\t\t\t\t<\/div>\n\t\t<\/div>\n\t\t\t\t\t\t\t\t<\/div>\n\t\t\t\t\t<\/div>\n\t\t<\/section>\n\t\t\t\t<section class=\"elementor-section elementor-top-section elementor-element elementor-element-022e067 elementor-section-boxed elementor-section-height-default elementor-section-height-default\" data-id=\"022e067\" data-element_type=\"section\" id=\"div-cart-shop\" data-settings=\"{&quot;background_background&quot;:&quot;classic&quot;}\">\n\t\t\t\t\t\t<div class=\"elementor-container elementor-column-gap-default\">\n\t\t\t\t\t\t\t<div class=\"elementor-row\">\n\t\t\t\t\t<div class=\"elementor-column elementor-col-50 elementor-top-column elementor-element elementor-element-4d700b7\" data-id=\"4d700b7\" data-element_type=\"column\">\n\t\t\t<div class=\"elementor-column-wrap elementor-element-populated\">\n\t\t\t\t\t\t\t<div class=\"elementor-widget-wrap\">\n\t\t\t\t\t\t<section class=\"elementor-section elementor-inner-section elementor-element elementor-element-4ed6764 elementor-section-boxed elementor-section-height-default elementor-section-height-default\" data-id=\"4ed6764\" data-element_type=\"section\" id=\"div-txt-products\" data-settings=\"{&quot;background_background&quot;:&quot;classic&quot;}\">\n\t\t\t\t\t\t<div class=\"elementor-container elementor-column-gap-default\">\n\t\t\t\t\t\t\t<div class=\"elementor-row\">\n\t\t\t\t\t<div class=\"elementor-column elementor-col-100 elementor-inner-column elementor-element elementor-element-237f14a\" data-id=\"237f14a\" data-element_type=\"column\">\n\t\t\t<div class=\"elementor-column-wrap elementor-element-populated\">\n\t\t\t\t\t\t\t<div class=\"elementor-widget-wrap\">\n\t\t\t\t\t\t<div class=\"elementor-element elementor-element-b30da9b elementor-widget elementor-widget-heading\" data-id=\"b30da9b\" data-element_type=\"widget\" id=\"id-text-cart\" data-widget_type=\"heading.default\">\n\t\t\t\t<div class=\"elementor-widget-container\">\n\t\t\t<h2 class=\"elementor-heading-title elementor-size-default\">Carro de compras<\/h2>\t\t<\/div>\n\t\t\t\t<\/div>\n\t\t\t\t<div class=\"elementor-element elementor-element-ac38120 elementor-widget elementor-widget-heading\" data-id=\"ac38120\" data-element_type=\"widget\" id=\"id-text-products\" data-widget_type=\"heading.default\">\n\t\t\t\t<div class=\"elementor-widget-container\">\n\t\t\t<h2 class=\"elementor-heading-title elementor-size-default\">Productos:<\/h2>\t\t<\/div>\n\t\t\t\t<\/div>\n\t\t\t\t\t\t<\/div>\n\t\t\t\t\t<\/div>\n\t\t<\/div>\n\t\t\t\t\t\t\t\t<\/div>\n\t\t\t\t\t<\/div>\n\t\t<\/section>\n\t\t\t\t<div class=\"elementor-element elementor-element-9e08cdb pp-woo-cart-checkout-button-auto elementor-widget elementor-widget-pp-woo-cart\" data-id=\"9e08cdb\" data-element_type=\"widget\" id=\"table-products\" data-settings=\"{&quot;show_coupon&quot;:&quot;yes&quot;,&quot;show_cross_sells&quot;:&quot;yes&quot;}\" data-widget_type=\"pp-woo-cart.default\">\n\t\t\t\t<div class=\"elementor-widget-container\">\n\t\t\t\t\t\n\t\t<div class=\"pp-woocommerce pp-woo-cart\">\n\t\t\t\t\t<\/div>\n\n\t\t\t\t\t\t<\/div>\n\t\t\t\t<\/div>\n\t\t\t\t\t\t<\/div>\n\t\t\t\t\t<\/div>\n\t\t<\/div>\n\t\t\t\t<div class=\"elementor-column elementor-col-50 elementor-top-column elementor-element elementor-element-0f32416\" data-id=\"0f32416\" data-element_type=\"column\" id=\"resumen-compra\" data-settings=\"{&quot;background_background&quot;:&quot;classic&quot;}\">\n\t\t\t<div class=\"elementor-column-wrap elementor-element-populated\">\n\t\t\t\t\t\t\t<div class=\"elementor-widget-wrap\">\n\t\t\t\t\t\t<div class=\"elementor-element elementor-element-2e78dbd elementor-widget elementor-widget-heading\" data-id=\"2e78dbd\" data-element_type=\"widget\" data-widget_type=\"heading.default\">\n\t\t\t\t<div class=\"elementor-widget-container\">\n\t\t\t<h2 class=\"elementor-heading-title elementor-size-default\">Resumen de su orden<\/h2>\t\t<\/div>\n\t\t\t\t<\/div>\n\t\t\t\t<section class=\"elementor-section elementor-inner-section elementor-element elementor-element-52ee851 elementor-section-boxed elementor-section-height-default elementor-section-height-default\" data-id=\"52ee851\" data-element_type=\"section\" id=\"div-txt-total\">\n\t\t\t\t\t\t<div class=\"elementor-container elementor-column-gap-default\">\n\t\t\t\t\t\t\t<div class=\"elementor-row\">\n\t\t\t\t\t<div class=\"elementor-column elementor-col-50 elementor-inner-column elementor-element elementor-element-cbdc128\" data-id=\"cbdc128\" data-element_type=\"column\">\n\t\t\t<div class=\"elementor-column-wrap elementor-element-populated\">\n\t\t\t\t\t\t\t<div class=\"elementor-widget-wrap\">\n\t\t\t\t\t\t<div class=\"elementor-element elementor-element-4e203be elementor-widget elementor-widget-heading\" data-id=\"4e203be\" data-element_type=\"widget\" data-widget_type=\"heading.default\">\n\t\t\t\t<div class=\"elementor-widget-container\">\n\t\t\t<h2 class=\"elementor-heading-title elementor-size-default\">Sub-total de productos<\/h2>\t\t<\/div>\n\t\t\t\t<\/div>\n\t\t\t\t\t\t<\/div>\n\t\t\t\t\t<\/div>\n\t\t<\/div>\n\t\t\t\t<div class=\"elementor-column elementor-col-50 elementor-inner-column elementor-element elementor-element-767efac\" data-id=\"767efac\" data-element_type=\"column\">\n\t\t\t<div class=\"elementor-column-wrap elementor-element-populated\">\n\t\t\t\t\t\t\t<div class=\"elementor-widget-wrap\">\n\t\t\t\t\t\t\t\t<\/div>\n\t\t\t\t\t<\/div>\n\t\t<\/div>\n\t\t\t\t\t\t\t\t<\/div>\n\t\t\t\t\t<\/div>\n\t\t<\/section>\n\t\t\t\t<div class=\"elementor-element elementor-element-464a4be elementor-widget elementor-widget-heading\" data-id=\"464a4be\" data-element_type=\"widget\" data-widget_type=\"heading.default\">\n\t\t\t\t<div class=\"elementor-widget-container\">\n\t\t\t<h2 class=\"elementor-heading-title elementor-size-default\">Los costos de transporte y despacho del producto los podr\u00e1s encontrar en el resumen de la compra.  <\/h2>\t\t<\/div>\n\t\t\t\t<\/div>\n\t\t\t\t<div class=\"elementor-element elementor-element-0d468ec elementor-align-center elementor-widget elementor-widget-button\" data-id=\"0d468ec\" data-element_type=\"widget\" id=\"btn-realizar-compra\" data-widget_type=\"button.default\">\n\t\t\t\t<div class=\"elementor-widget-container\">\n\t\t\t\t\t<div class=\"elementor-button-wrapper\">\n\t\t\t<a href=\"\/shop\/checkout\" class=\"elementor-button-link elementor-button elementor-size-sm\" role=\"button\">\n\t\t\t\t\t\t<span class=\"elementor-button-content-wrapper\">\n\t\t\t\t\t\t<span class=\"elementor-button-text\">Realizar compra<\/span>\n\t\t<\/span>\n\t\t\t\t\t<\/a>\n\t\t<\/div>\n\t\t\t\t<\/div>\n\t\t\t\t<\/div>\n\t\t\t\t<section class=\"elementor-section elementor-inner-section elementor-element elementor-element-c95fbf8 elementor-section-boxed elementor-section-height-default elementor-section-height-default\" data-id=\"c95fbf8\" data-element_type=\"section\" id=\"icons-pago\">\n\t\t\t\t\t\t<div class=\"elementor-container elementor-column-gap-default\">\n\t\t\t\t\t\t\t<div class=\"elementor-row\">\n\t\t\t\t\t<div class=\"elementor-column elementor-col-33 elementor-inner-column elementor-element elementor-element-bec8069\" data-id=\"bec8069\" data-element_type=\"column\">\n\t\t\t<div class=\"elementor-column-wrap elementor-element-populated\">\n\t\t\t\t\t\t\t<div class=\"elementor-widget-wrap\">\n\t\t\t\t\t\t<div class=\"elementor-element elementor-element-2d05567 elementor-widget elementor-widget-image\" data-id=\"2d05567\" data-element_type=\"widget\" data-widget_type=\"image.default\">\n\t\t\t\t<div class=\"elementor-widget-container\">\n\t\t\t\t\t\t\t\t<div class=\"elementor-image\">\n\t\t\t\t\t\t\t\t\t\t\t\t<img loading=\"lazy\" decoding=\"async\" width=\"44\" height=\"63\" src=\"https:\/\/econtainers.co\/shop\/wp-content\/uploads\/2020\/08\/noun_Lock_2916394.png\" class=\"attachment-large size-large\" alt=\"\" \/>\t\t\t\t\t\t\t\t\t\t\t\t\t\t<\/div>\n\t\t\t\t\t\t<\/div>\n\t\t\t\t<\/div>\n\t\t\t\t<div class=\"elementor-element elementor-element-a6f515c elementor-widget elementor-widget-heading\" data-id=\"a6f515c\" data-element_type=\"widget\" data-widget_type=\"heading.default\">\n\t\t\t\t<div class=\"elementor-widget-container\">\n\t\t\t<h2 class=\"elementor-heading-title elementor-size-default\">Pago <br>seguro<\/h2>\t\t<\/div>\n\t\t\t\t<\/div>\n\t\t\t\t\t\t<\/div>\n\t\t\t\t\t<\/div>\n\t\t<\/div>\n\t\t\t\t<div class=\"elementor-column elementor-col-33 elementor-inner-column elementor-element elementor-element-4a781b5\" data-id=\"4a781b5\" data-element_type=\"column\">\n\t\t\t<div class=\"elementor-column-wrap elementor-element-populated\">\n\t\t\t\t\t\t\t<div class=\"elementor-widget-wrap\">\n\t\t\t\t\t\t<div class=\"elementor-element elementor-element-5606068 elementor-widget elementor-widget-image\" data-id=\"5606068\" data-element_type=\"widget\" data-widget_type=\"image.default\">\n\t\t\t\t<div class=\"elementor-widget-container\">\n\t\t\t\t\t\t\t\t<div class=\"elementor-image\">\n\t\t\t\t\t\t\t\t\t\t\t\t<img loading=\"lazy\" decoding=\"async\" width=\"56\" height=\"54\" src=\"https:\/\/econtainers.co\/shop\/wp-content\/uploads\/2020\/08\/noun_circle-arrow_655339.png\" class=\"attachment-large size-large\" alt=\"\" \/>\t\t\t\t\t\t\t\t\t\t\t\t\t\t<\/div>\n\t\t\t\t\t\t<\/div>\n\t\t\t\t<\/div>\n\t\t\t\t<div class=\"elementor-element elementor-element-41f4e2b elementor-widget elementor-widget-heading\" data-id=\"41f4e2b\" data-element_type=\"widget\" data-widget_type=\"heading.default\">\n\t\t\t\t<div class=\"elementor-widget-container\">\n\t\t\t<h2 class=\"elementor-heading-title elementor-size-default\">Cambios y<br> devoluciones<\/h2>\t\t<\/div>\n\t\t\t\t<\/div>\n\t\t\t\t\t\t<\/div>\n\t\t\t\t\t<\/div>\n\t\t<\/div>\n\t\t\t\t<div class=\"elementor-column elementor-col-33 elementor-inner-column elementor-element elementor-element-35bc65c\" data-id=\"35bc65c\" data-element_type=\"column\">\n\t\t\t<div class=\"elementor-column-wrap elementor-element-populated\">\n\t\t\t\t\t\t\t<div class=\"elementor-widget-wrap\">\n\t\t\t\t\t\t<div class=\"elementor-element elementor-element-4b32112 elementor-widget elementor-widget-image\" data-id=\"4b32112\" data-element_type=\"widget\" data-widget_type=\"image.default\">\n\t\t\t\t<div class=\"elementor-widget-container\">\n\t\t\t\t\t\t\t\t<div class=\"elementor-image\">\n\t\t\t\t\t\t\t\t\t\t\t\t<img loading=\"lazy\" decoding=\"async\" width=\"55\" height=\"55\" src=\"https:\/\/econtainers.co\/shop\/wp-content\/uploads\/2020\/08\/noun_Smile_746240.png\" class=\"attachment-large size-large\" alt=\"\" \/>\t\t\t\t\t\t\t\t\t\t\t\t\t\t<\/div>\n\t\t\t\t\t\t<\/div>\n\t\t\t\t<\/div>\n\t\t\t\t<div class=\"elementor-element elementor-element-bee4338 elementor-widget elementor-widget-heading\" data-id=\"bee4338\" data-element_type=\"widget\" data-widget_type=\"heading.default\">\n\t\t\t\t<div class=\"elementor-widget-container\">\n\t\t\t<h2 class=\"elementor-heading-title elementor-size-default\">Clientes<br> felices<\/h2>\t\t<\/div>\n\t\t\t\t<\/div>\n\t\t\t\t\t\t<\/div>\n\t\t\t\t\t<\/div>\n\t\t<\/div>\n\t\t\t\t\t\t\t\t<\/div>\n\t\t\t\t\t<\/div>\n\t\t<\/section>\n\t\t\t\t\t\t<\/div>\n\t\t\t\t\t<\/div>\n\t\t<\/div>\n\t\t\t\t\t\t\t\t<\/div>\n\t\t\t\t\t<\/div>\n\t\t<\/section>\n\t\t\t\t<section class=\"elementor-section elementor-top-section elementor-element elementor-element-415c535 elementor-section-boxed elementor-section-height-default elementor-section-height-default\" data-id=\"415c535\" data-element_type=\"section\" id=\"div-formas-pago\" data-settings=\"{&quot;background_background&quot;:&quot;classic&quot;}\">\n\t\t\t\t\t\t<div class=\"elementor-container elementor-column-gap-default\">\n\t\t\t\t\t\t\t<div class=\"elementor-row\">\n\t\t\t\t\t<div class=\"elementor-column elementor-col-50 elementor-top-column elementor-element elementor-element-0cb4009\" data-id=\"0cb4009\" data-element_type=\"column\" data-settings=\"{&quot;background_background&quot;:&quot;classic&quot;}\">\n\t\t\t<div class=\"elementor-column-wrap elementor-element-populated\">\n\t\t\t\t\t\t\t<div class=\"elementor-widget-wrap\">\n\t\t\t\t\t\t<div class=\"elementor-element elementor-element-496fa72 elementor-widget elementor-widget-heading\" data-id=\"496fa72\" data-element_type=\"widget\" data-widget_type=\"heading.default\">\n\t\t\t\t<div class=\"elementor-widget-container\">\n\t\t\t<h2 class=\"elementor-heading-title elementor-size-default\">Opciones de pago<\/h2>\t\t<\/div>\n\t\t\t\t<\/div>\n\t\t\t\t<div class=\"elementor-element elementor-element-a8030d0 elementor-widget elementor-widget-heading\" data-id=\"a8030d0\" data-element_type=\"widget\" data-widget_type=\"heading.default\">\n\t\t\t\t<div class=\"elementor-widget-container\">\n\t\t\t<h2 class=\"elementor-heading-title elementor-size-default\">Aceptamos los siguientes m\u00e9todos de pago<\/h2>\t\t<\/div>\n\t\t\t\t<\/div>\n\t\t\t\t<div class=\"elementor-element elementor-element-014c405 elementor-widget elementor-widget-image\" data-id=\"014c405\" data-element_type=\"widget\" data-widget_type=\"image.default\">\n\t\t\t\t<div class=\"elementor-widget-container\">\n\t\t\t\t\t\t\t\t<div class=\"elementor-image\">\n\t\t\t\t\t\t\t\t\t\t\t\t<img loading=\"lazy\" decoding=\"async\" width=\"560\" height=\"124\" src=\"https:\/\/econtainers.co\/shop\/wp-content\/uploads\/2023\/08\/wompi.webp\" class=\"attachment-full size-full\" alt=\"\" \/>\t\t\t\t\t\t\t\t\t\t\t\t\t\t<\/div>\n\t\t\t\t\t\t<\/div>\n\t\t\t\t<\/div>\n\t\t\t\t<div class=\"elementor-element elementor-element-c6c08b4 elementor-widget elementor-widget-heading\" data-id=\"c6c08b4\" data-element_type=\"widget\" data-widget_type=\"heading.default\">\n\t\t\t\t<div class=\"elementor-widget-container\">\n\t\t\t<h2 class=\"elementor-heading-title elementor-size-default\">Los m\u00e9todos de pago pueden variar<\/h2>\t\t<\/div>\n\t\t\t\t<\/div>\n\t\t\t\t\t\t<\/div>\n\t\t\t\t\t<\/div>\n\t\t<\/div>\n\t\t\t\t<div class=\"elementor-column elementor-col-50 elementor-top-column elementor-element elementor-element-0bcfea0\" data-id=\"0bcfea0\" data-element_type=\"column\">\n\t\t\t<div class=\"elementor-column-wrap\">\n\t\t\t\t\t\t\t<div class=\"elementor-widget-wrap\">\n\t\t\t\t\t\t\t\t<\/div>\n\t\t\t\t\t<\/div>\n\t\t<\/div>\n\t\t\t\t\t\t\t\t<\/div>\n\t\t\t\t\t<\/div>\n\t\t<\/section>\n\t\t\t\t\t\t<\/div>\n\t\t\t\t\t\t<\/div>\n\t\t\t\t\t<\/div>\n\t\t","protected":false},"excerpt":{"rendered":"<p>Carro de compras Productos: Eliminar art\u00edculo Thumbnail image Producto Precio Cantidad Subtotal &times; 10 pies Unidad Comercial Nuevo Cantidad: 1 &#36;520.000 12 &#36;6.240.000 &times; 20 pies Contenedor mar\u00edtimo Opciones: &nbsp;Cantidad = 1Total = 1 &#36;10.800.000 1 &#36;10.800.000 Cup\u00f3n: Aplicar cup\u00f3n Actualizar carrito Total del carrito Subtotal &#36;17.040.000 Env\u00edo Valor: &#36;840.000 Enviar a Carrera 100 #148-58, [&hellip;]<\/p>\n","protected":false},"author":186,"featured_media":0,"parent":0,"menu_order":0,"comment_status":"closed","ping_status":"closed","template":"","meta":{"footnotes":""},"yoast_head":"<!-- This site is optimized with the Yoast SEO plugin v21.0 - https:\/\/yoast.com\/wordpress\/plugins\/seo\/ -->\n<title>Cart - E-containers<\/title>\n<meta name=\"robots\" content=\"noindex, follow\" \/>\n<meta property=\"og:locale\" content=\"es_ES\" \/>\n<meta property=\"og:type\" content=\"article\" \/>\n<meta property=\"og:title\" content=\"Cart - E-containers\" \/>\n<meta property=\"og:description\" content=\"Carro de compras Productos: Eliminar art\u00edculo Thumbnail image Producto Precio Cantidad Subtotal &times; 10 pies Unidad Comercial Nuevo Cantidad: 1 &#036;520.000 12 &#036;6.240.000 &times; 20 pies Contenedor mar\u00edtimo Opciones: &nbsp;Cantidad = 1Total = 1 &#036;10.800.000 1 &#036;10.800.000 Cup\u00f3n: Aplicar cup\u00f3n Actualizar carrito Total del carrito Subtotal &#036;17.040.000 Env\u00edo Valor: &#036;840.000 Enviar a Carrera 100 #148-58, [&hellip;]\" \/>\n<meta property=\"og:url\" content=\"https:\/\/econtainers.co\/shop\/cart\/\" \/>\n<meta property=\"og:site_name\" content=\"E-containers\" \/>\n<meta property=\"article:modified_time\" content=\"2023-09-06T16:55:34+00:00\" \/>\n<meta property=\"og:image\" content=\"https:\/\/econtainers.co\/shop\/wp-content\/uploads\/2023\/09\/1.png\" \/>\n<meta name=\"twitter:card\" content=\"summary_large_image\" \/>\n<meta name=\"twitter:label1\" content=\"Tiempo estimado de lectura\" \/>\n\t<meta name=\"twitter:data1\" content=\"2 minutos\" \/>\n<script type=\"application\/ld+json\" class=\"yoast-schema-graph\">{\"@context\":\"https:\/\/schema.org\",\"@graph\":[{\"@type\":\"WebPage\",\"@id\":\"https:\/\/econtainers.co\/shop\/cart\/\",\"url\":\"https:\/\/econtainers.co\/shop\/cart\/\",\"name\":\"Cart - E-containers\",\"isPartOf\":{\"@id\":\"https:\/\/econtainers.co\/shop\/#website\"},\"datePublished\":\"2021-11-23T16:49:00+00:00\",\"dateModified\":\"2023-09-06T16:55:34+00:00\",\"inLanguage\":\"es-CO\",\"potentialAction\":[{\"@type\":\"ReadAction\",\"target\":[\"https:\/\/econtainers.co\/shop\/cart\/\"]}]},{\"@type\":\"WebSite\",\"@id\":\"https:\/\/econtainers.co\/shop\/#website\",\"url\":\"https:\/\/econtainers.co\/shop\/\",\"name\":\"E-containers\",\"description\":\"Alquiler y venta de contenedores mar\u00edtimos, refrigerados y especializados\",\"publisher\":{\"@id\":\"https:\/\/econtainers.co\/shop\/#organization\"},\"potentialAction\":[{\"@type\":\"SearchAction\",\"target\":{\"@type\":\"EntryPoint\",\"urlTemplate\":\"https:\/\/econtainers.co\/shop\/?s={search_term_string}\"},\"query-input\":\"required name=search_term_string\"}],\"inLanguage\":\"es-CO\"},{\"@type\":\"Organization\",\"@id\":\"https:\/\/econtainers.co\/shop\/#organization\",\"name\":\"E-containers\",\"url\":\"https:\/\/econtainers.co\/shop\/\",\"logo\":{\"@type\":\"ImageObject\",\"inLanguage\":\"es-CO\",\"@id\":\"https:\/\/econtainers.co\/shop\/#\/schema\/logo\/image\/\",\"url\":\"https:\/\/econtainers.co\/shop\/wp-content\/uploads\/2021\/11\/cropped-favicon-32x32-1.png\",\"contentUrl\":\"https:\/\/econtainers.co\/shop\/wp-content\/uploads\/2021\/11\/cropped-favicon-32x32-1.png\",\"width\":32,\"height\":32,\"caption\":\"E-containers\"},\"image\":{\"@id\":\"https:\/\/econtainers.co\/shop\/#\/schema\/logo\/image\/\"},\"sameAs\":[\"https:\/\/www.instagram.com\/econtainers\/\"]}]}<\/script>\n<!-- \/ Yoast SEO plugin. -->","yoast_head_json":{"title":"Cart - E-containers","robots":{"index":"noindex","follow":"follow"},"og_locale":"es_ES","og_type":"article","og_title":"Cart - E-containers","og_description":"Carro de compras Productos: Eliminar art\u00edculo Thumbnail image Producto Precio Cantidad Subtotal &times; 10 pies Unidad Comercial Nuevo Cantidad: 1 &#36;520.000 12 &#36;6.240.000 &times; 20 pies Contenedor mar\u00edtimo Opciones: &nbsp;Cantidad = 1Total = 1 &#36;10.800.000 1 &#36;10.800.000 Cup\u00f3n: Aplicar cup\u00f3n Actualizar carrito Total del carrito Subtotal &#36;17.040.000 Env\u00edo Valor: &#36;840.000 Enviar a Carrera 100 #148-58, [&hellip;]","og_url":"https:\/\/econtainers.co\/shop\/cart\/","og_site_name":"E-containers","article_modified_time":"2023-09-06T16:55:34+00:00","og_image":[{"url":"https:\/\/econtainers.co\/shop\/wp-content\/uploads\/2023\/09\/1.png"}],"twitter_card":"summary_large_image","twitter_misc":{"Tiempo estimado de lectura":"2 minutos"},"schema":{"@context":"https:\/\/schema.org","@graph":[{"@type":"WebPage","@id":"https:\/\/econtainers.co\/shop\/cart\/","url":"https:\/\/econtainers.co\/shop\/cart\/","name":"Cart - E-containers","isPartOf":{"@id":"https:\/\/econtainers.co\/shop\/#website"},"datePublished":"2021-11-23T16:49:00+00:00","dateModified":"2023-09-06T16:55:34+00:00","inLanguage":"es-CO","potentialAction":[{"@type":"ReadAction","target":["https:\/\/econtainers.co\/shop\/cart\/"]}]},{"@type":"WebSite","@id":"https:\/\/econtainers.co\/shop\/#website","url":"https:\/\/econtainers.co\/shop\/","name":"E-containers","description":"Alquiler y venta de contenedores mar\u00edtimos, refrigerados y especializados","publisher":{"@id":"https:\/\/econtainers.co\/shop\/#organization"},"potentialAction":[{"@type":"SearchAction","target":{"@type":"EntryPoint","urlTemplate":"https:\/\/econtainers.co\/shop\/?s={search_term_string}"},"query-input":"required name=search_term_string"}],"inLanguage":"es-CO"},{"@type":"Organization","@id":"https:\/\/econtainers.co\/shop\/#organization","name":"E-containers","url":"https:\/\/econtainers.co\/shop\/","logo":{"@type":"ImageObject","inLanguage":"es-CO","@id":"https:\/\/econtainers.co\/shop\/#\/schema\/logo\/image\/","url":"https:\/\/econtainers.co\/shop\/wp-content\/uploads\/2021\/11\/cropped-favicon-32x32-1.png","contentUrl":"https:\/\/econtainers.co\/shop\/wp-content\/uploads\/2021\/11\/cropped-favicon-32x32-1.png","width":32,"height":32,"caption":"E-containers"},"image":{"@id":"https:\/\/econtainers.co\/shop\/#\/schema\/logo\/image\/"},"sameAs":["https:\/\/www.instagram.com\/econtainers\/"]}]}},"_links":{"self":[{"href":"https:\/\/econtainers.co\/shop\/wp-json\/wp\/v2\/pages\/4791"}],"collection":[{"href":"https:\/\/econtainers.co\/shop\/wp-json\/wp\/v2\/pages"}],"about":[{"href":"https:\/\/econtainers.co\/shop\/wp-json\/wp\/v2\/types\/page"}],"author":[{"embeddable":true,"href":"https:\/\/econtainers.co\/shop\/wp-json\/wp\/v2\/users\/186"}],"replies":[{"embeddable":true,"href":"https:\/\/econtainers.co\/shop\/wp-json\/wp\/v2\/comments?post=4791"}],"version-history":[{"count":15,"href":"https:\/\/econtainers.co\/shop\/wp-json\/wp\/v2\/pages\/4791\/revisions"}],"predecessor-version":[{"id":6823,"href":"https:\/\/econtainers.co\/shop\/wp-json\/wp\/v2\/pages\/4791\/revisions\/6823"}],"wp:attachment":[{"href":"https:\/\/econtainers.co\/shop\/wp-json\/wp\/v2\/media?parent=4791"}],"curies":[{"name":"wp","href":"https:\/\/api.w.org\/{rel}","templated":true}]}}