{"id":3120,"date":"2025-10-16T12:42:44","date_gmt":"2025-10-16T17:42:44","guid":{"rendered":"https:\/\/econtainers.co\/landings\/?page_id=3120"},"modified":"2025-11-20T11:23:14","modified_gmt":"2025-11-20T16:23:14","slug":"landing-reefer","status":"publish","type":"page","link":"https:\/\/econtainers.co\/landings\/landing-reefer\/","title":{"rendered":"Landing Refrigerados"},"content":{"rendered":"<div class=\"wpb-content-wrapper\"><p>[vc_section full_width=&#8221;stretch_row_content&#8221; content_placement=&#8221;bottom&#8221; el_class=&#8221;head-landings&#8221; css=&#8221;.vc_custom_1761165128957{margin-top: 0px !important;margin-bottom: 0px !important;padding-top: 0px !important;padding-bottom: 0px !important;background-image: url(https:\/\/econtainers.co\/landings\/wp-content\/uploads\/2025\/10\/hero-contenedores-refrigerados.jpg?id=3198) !important;background-position: center !important;background-repeat: no-repeat !important;background-size: cover !important;}&#8221;][vc_row el_class=&#8221;content-landings row-text-hero&#8221;][vc_column width=&#8221;7\/12&#8243;][vc_column_text css=&#8221;&#8221;]<\/p>\n<h3>CONSERVA TU CARGA FRESCA, EN TODO MOMENTO Y LUGAR.<\/h3>\n<p>Alquila o compra contenedores refrigerados, mant\u00e9n tus productos perecederos a la temperatura ideal.[\/vc_column_text][\/vc_column][vc_column width=&#8221;5\/12&#8243;][\/vc_column][\/vc_row][\/vc_section][vc_section full_width=&#8221;stretch_row_content&#8221; content_placement=&#8221;middle&#8221; css=&#8221;.vc_custom_1760634473053{margin-top: 0px !important;margin-bottom: 0px !important;padding-top: 0px !important;padding-bottom: 0px !important;}&#8221; el_class=&#8221;sec-ventajas&#8221; el_id=&#8221;formulario&#8221;][vc_row equal_height=&#8221;yes&#8221; content_placement=&#8221;middle&#8221; el_class=&#8221;content-landings row-form-block-lps&#8221;][vc_column width=&#8221;1\/2&#8243;][vc_column_text css=&#8221;&#8221; el_class=&#8221;form-landings-25 bg-secosw&#8221;]Datos Personales<br \/>\n\n<div class=\"wpcf7 no-js\" id=\"wpcf7-f3179-o1\" lang=\"es-CO\" dir=\"ltr\">\n<div class=\"screen-reader-response\"><p role=\"status\" aria-live=\"polite\" aria-atomic=\"true\"><\/p> <ul><\/ul><\/div>\n<form action=\"\/landings\/wp-json\/wp\/v2\/pages\/3120#wpcf7-f3179-o1\" method=\"post\" class=\"wpcf7-form init\" aria-label=\"Formulario de contacto\" novalidate=\"novalidate\" data-status=\"init\">\n<div style=\"display: none;\">\n<input type=\"hidden\" name=\"_wpcf7\" value=\"3179\" \/>\n<input type=\"hidden\" name=\"_wpcf7_version\" value=\"5.9.7\" \/>\n<input type=\"hidden\" name=\"_wpcf7_locale\" value=\"es_CO\" \/>\n<input type=\"hidden\" name=\"_wpcf7_unit_tag\" value=\"wpcf7-f3179-o1\" \/>\n<input type=\"hidden\" name=\"_wpcf7_container_post\" value=\"0\" \/>\n<input type=\"hidden\" name=\"_wpcf7_posted_data_hash\" value=\"\" \/>\n<input type=\"hidden\" name=\"_wpcf7cf_hidden_group_fields\" value=\"[]\" \/>\n<input type=\"hidden\" name=\"_wpcf7cf_hidden_groups\" value=\"[]\" \/>\n<input type=\"hidden\" name=\"_wpcf7cf_visible_groups\" value=\"[]\" \/>\n<input type=\"hidden\" name=\"_wpcf7cf_repeaters\" value=\"[]\" \/>\n<input type=\"hidden\" name=\"_wpcf7cf_steps\" value=\"{}\" \/>\n<input type=\"hidden\" name=\"_wpcf7cf_options\" value=\"{&quot;form_id&quot;:3179,&quot;conditions&quot;:[],&quot;settings&quot;:{&quot;animation&quot;:&quot;yes&quot;,&quot;animation_intime&quot;:200,&quot;animation_outtime&quot;:200,&quot;conditions_ui&quot;:&quot;normal&quot;,&quot;notice_dismissed&quot;:false,&quot;notice_dismissed_rollback-cf7-5.8.6&quot;:true,&quot;notice_dismissed_rollback-cf7-5.8.7&quot;:true,&quot;notice_dismissed_rollback-cf7-5.9.2&quot;:true,&quot;notice_dismissed_rollback-cf7-5.9.5&quot;:true,&quot;notice_dismissed_update-cf7-6.1.2&quot;:true}}\" \/>\n<\/div>\n<div class=\"row-form\">\n<div class=\"col-form2\">\n<span class=\"wpcf7-form-control-wrap\" data-name=\"nombre\"><input size=\"40\" maxlength=\"400\" class=\"wpcf7-form-control wpcf7-text wpcf7-validates-as-required\" autocomplete=\"name\" aria-required=\"true\" aria-invalid=\"false\" placeholder=\"Nombre*\" value=\"\" type=\"text\" name=\"nombre\" \/><\/span>\n<\/div>\n<div class=\"col-form2\">\n<span class=\"wpcf7-form-control-wrap\" data-name=\"apellido\"><input size=\"40\" maxlength=\"400\" class=\"wpcf7-form-control wpcf7-text wpcf7-validates-as-required\" autocomplete=\"name\" aria-required=\"true\" aria-invalid=\"false\" placeholder=\"Apellido*\" value=\"\" type=\"text\" name=\"apellido\" \/><\/span> \n<\/div>\n<\/div>\n<div class=\"row-form\">\n<div class=\"col-form2\">\n<span class=\"wpcf7-form-control-wrap departamento_auto departamento-302\"><select class=\"wpcf7-form-control wpcf7-departamento wpcf7-validates-as-required wpcf7-select departamento\" aria-required=\"true\" aria-invalid=\"false\" name=\"departamento-302\" ><option value=\"0\">Departamento*<\/option><option value='Amazonas' data-id='1'>Amazonas<\/option><option value='Antioquia' data-id='2'>Antioquia<\/option><option value='Arauca' data-id='3'>Arauca<\/option><option value='Archipi\u00e9lago De San Andr\u00e9s' data-id='4'>Archipi\u00e9lago De San Andr\u00e9s<\/option><option value='Atl\u00e1ntico' data-id='5'>Atl\u00e1ntico<\/option><option value='Bogot\u00e1, D.C.' data-id='6'>Bogot\u00e1, D.C.<\/option><option value='Bol\u00edvar' data-id='7'>Bol\u00edvar<\/option><option value='Boyac\u00e1' data-id='8'>Boyac\u00e1<\/option><option value='Caldas' data-id='9'>Caldas<\/option><option value='Caquet\u00e1' data-id='10'>Caquet\u00e1<\/option><option value='Casanare' data-id='11'>Casanare<\/option><option value='Cauca' data-id='12'>Cauca<\/option><option value='Cesar' data-id='13'>Cesar<\/option><option value='Choc\u00f3' data-id='14'>Choc\u00f3<\/option><option value='C\u00f3rdoba' data-id='15'>C\u00f3rdoba<\/option><option value='Cundinamarca' data-id='16'>Cundinamarca<\/option><option value='Guain\u00eda' data-id='17'>Guain\u00eda<\/option><option value='Guaviare' data-id='18'>Guaviare<\/option><option value='Huila' data-id='19'>Huila<\/option><option value='La Guajira' data-id='20'>La Guajira<\/option><option value='Magdalena' data-id='21'>Magdalena<\/option><option value='Meta' data-id='22'>Meta<\/option><option value='Nari\u00f1o' data-id='23'>Nari\u00f1o<\/option><option value='Norte De Santander' data-id='24'>Norte De Santander<\/option><option value='Putumayo' data-id='25'>Putumayo<\/option><option value='Quindio' data-id='26'>Quindio<\/option><option value='Risaralda' data-id='27'>Risaralda<\/option><option value='Santander' data-id='28'>Santander<\/option><option value='Sucre' data-id='29'>Sucre<\/option><option value='Tolima' data-id='30'>Tolima<\/option><option value='Valle Del Cauca' data-id='31'>Valle Del Cauca<\/option><option value='Vaup\u00e9s' data-id='32'>Vaup\u00e9s<\/option><option value='Vichada' data-id='32'>Vichada<\/option><\/select><\/span>\n<\/div>\n<div class=\"col-form2\">\n<span class=\"wpcf7-form-control-wrap ciudad ciudad-738\"><select class=\"wpcf7-form-control wpcf7-ciudad wpcf7-validates-as-required wpcf7-select ciudad\" aria-required=\"true\" aria-invalid=\"false\" name=\"ciudad-738\" disabled><option value=\"0\">Ciudad*<\/option><\/select><\/span>\n<\/div>\n<\/div>\n<div class=\"row-form\">\n<div class=\"col-form3\">\n<span class=\"wpcf7-form-control-wrap\" data-name=\"your-email\"><input size=\"40\" maxlength=\"400\" class=\"wpcf7-form-control wpcf7-email wpcf7-validates-as-required wpcf7-text wpcf7-validates-as-email\" autocomplete=\"email\" aria-required=\"true\" aria-invalid=\"false\" placeholder=\"Correo*\" value=\"\" type=\"email\" name=\"your-email\" \/><\/span>\n<\/div>\n<div class=\"col-form3\">\n<span class=\"wpcf7-form-control-wrap\" data-name=\"celular\"><input size=\"40\" maxlength=\"400\" class=\"wpcf7-form-control wpcf7-tel wpcf7-validates-as-required wpcf7-text wpcf7-validates-as-tel\" autocomplete=\"phone\" aria-required=\"true\" aria-invalid=\"false\" placeholder=\"Celular*\" value=\"\" type=\"tel\" name=\"celular\" \/><\/span>\n<\/div>\n<div class=\"col-form3\">\n<span class=\"wpcf7-form-control-wrap\" data-name=\"empresa\"><input size=\"40\" maxlength=\"400\" class=\"wpcf7-form-control wpcf7-text wpcf7-validates-as-required\" autocomplete=\"name\" aria-required=\"true\" aria-invalid=\"false\" placeholder=\"Nombre de Empresa\" value=\"\" type=\"text\" name=\"empresa\" \/><\/span>\n<\/div>\n<\/div>\n<div class=\"row-form\">\n<div class=\"col-form2\">\n<span class=\"wpcf7-form-control-wrap\" data-name=\"sector\"><select class=\"wpcf7-form-control wpcf7-select wpcf7-validates-as-required\" id=\"sector\" aria-required=\"true\" aria-invalid=\"false\" name=\"sector\"><option value=\"\">Sector<\/option><option value=\"Alimentos y bebidas\">Alimentos y bebidas<\/option><option value=\"C\u00e1rnicos y pescados\">C\u00e1rnicos y pescados<\/option><option value=\"L\u00e1cteos y derivados\">L\u00e1cteos y derivados<\/option><option value=\"Frutas, verduras y flores\">Frutas, verduras y flores<\/option><option value=\"Panader\u00eda y reposter\u00eda industrial\">Panader\u00eda y reposter\u00eda industrial<\/option><option value=\"Productos farmac\u00e9uticos y m\u00e9dicos\">Productos farmac\u00e9uticos y m\u00e9dicos<\/option><option value=\"Productos farmac\u00e9uticos y m\u00e9dicos\">Productos farmac\u00e9uticos y m\u00e9dicos<\/option><option value=\"Cosm\u00e9tica y cuidado personal\">Cosm\u00e9tica y cuidado personal<\/option><option value=\"Log\u00edstica y transporte refrigerado\">Log\u00edstica y transporte refrigerado<\/option><option value=\"Importadores y exportadores\">Importadores y exportadores<\/option><option value=\"Comercio minorista y mayorista\">Comercio minorista y mayorista<\/option><option value=\"Eventos y ferias\">Eventos y ferias<\/option><option value=\"Sector agr\u00edcola\">Sector agr\u00edcola<\/option><option value=\"Laboratorios e insumos biotecnol\u00f3gicos\">Laboratorios e insumos biotecnol\u00f3gicos<\/option><option value=\"Supermercados y cadenas de fr\u00edo\">Supermercados y cadenas de fr\u00edo<\/option><option value=\"Otro (especificar)\">Otro (especificar)<\/option><\/select><\/span>\n<\/div>\n<div class=\"col-form2\">\n<span class=\"wpcf7-form-control-wrap\" data-name=\"fecha\"><input size=\"40\" maxlength=\"400\" class=\"wpcf7-form-control wpcf7-text wpcf7-validates-as-required fecha-campo\" aria-required=\"true\" aria-invalid=\"false\" placeholder=\"\u00bfEn qu\u00e9 fecha lo requieres?*\" value=\"\" type=\"text\" name=\"fecha\" \/><\/span>\n<\/div>\n<\/div>\n<div class=\"row-form inpPolitics\">\n<span class=\"wpcf7-form-control-wrap\" data-name=\"politica\"><span class=\"wpcf7-form-control wpcf7-acceptance\"><span class=\"wpcf7-list-item\"><label><input type=\"checkbox\" name=\"politica\" value=\"1\" class=\"opcional\" aria-invalid=\"false\" \/><span class=\"wpcf7-list-item-label\">Estoy de acuerdo con las <a\n                href=\"https:\/\/storage.googleapis.com\/cdn-econtainer-co\/pdfs\/P%C3%93LITICA%20DE%20TRATAMIENTO%20DE%20DATOS%20FINAL.pdf\"\n                target=\"_blank\">Pol\u00edticas de Privacidad y Tratamientos de Datos<\/a><\/span><\/label><\/span><\/span><\/span>\n<\/div>\n<div class=\"row-send btn-secos\">\n<input class=\"wpcf7-form-control wpcf7-hidden\" id=\"utm_source\" value=\"Formulario Web\" type=\"hidden\" name=\"utm_source\" \/>\n<input class=\"wpcf7-form-control wpcf7-hidden\" id=\"utm_medium\" value=\"\" type=\"hidden\" name=\"utm_medium\" \/>\n<input class=\"wpcf7-form-control wpcf7-hidden\" id=\"utm_campaign\" value=\"\" type=\"hidden\" name=\"utm_campaign\" \/>\n<input class=\"wpcf7-form-control wpcf7-hidden\" id=\"utm_term\" value=\"\" type=\"hidden\" name=\"utm_term\" \/>\n<input class=\"wpcf7-form-control wpcf7-hidden\" id=\"utm_content\" value=\"\" type=\"hidden\" name=\"utm_content\" \/>\n<input class=\"wpcf7-form-control wpcf7-hidden\" value=\"Refrigerados\" type=\"hidden\" name=\"nombre_formulario\" \/>\n<input class=\"wpcf7-form-control wpcf7-submit has-spinner\" type=\"submit\" value=\"\u00a1Quiero hablar con un asesor!\" \/>\n<\/div><div class=\"wpcf7-response-output\" aria-hidden=\"true\"><\/div>\n<\/form>\n<\/div>\n[\/vc_column_text][\/vc_column][vc_column width=&#8221;1\/2&#8243;][vc_column_text css=&#8221;&#8221; el_class=&#8221;text-right-form color-secos&#8221;]<\/p>\n<h2>Descubre c\u00f3mo mantener tus productos perfectos.<\/h2>\n<ul>\n<li>Soluciones para cada sector<\/li>\n<li>Modalidad de compra o alquiler<\/li>\n<li>Asesor\u00eda gratuita y personalizada<\/li>\n<\/ul>\n<p>[\/vc_column_text][\/vc_column][vc_column][vc_column_text css=&#8221;&#8221; el_class=&#8221;text-footer-form color-secos&#8221;]<\/p>\n<p>D\u00e9janos tus datos y uno de nuestros expertos te guiar\u00e1 paso a paso<\/p>\n<p>[\/vc_column_text][\/vc_column][\/vc_row][\/vc_section][vc_section full_width=&#8221;stretch_row_content&#8221; el_class=&#8221;sect-images&#8221; css=&#8221;.vc_custom_1760564079980{margin-top: 0px !important;margin-right: 0px !important;margin-bottom: 0px !important;margin-left: 0px !important;padding-top: 20px !important;padding-right: 0px !important;padding-bottom: 20px !important;padding-left: 0px !important;}&#8221;][vc_row equal_height=&#8221;yes&#8221; content_placement=&#8221;middle&#8221; el_class=&#8221;row-gallery1&#8243; css=&#8221;.vc_custom_1760561651680{margin-top: 0px !important;margin-right: 0px !important;margin-left: 0px !important;padding-top: 0px !important;padding-right: 0px !important;padding-bottom: 0px !important;padding-left: 0px !important;}&#8221;][vc_column width=&#8221;1\/5&#8243; el_class=&#8221;col11&#8243; css=&#8221;.vc_custom_1762810938880{background-image: url(https:\/\/econtainers.co\/landings\/wp-content\/uploads\/2025\/10\/contenedores-refrigerados-alimentos.jpg?id=3200) !important;background-position: center !important;background-repeat: no-repeat !important;background-size: cover !important;}&#8221;][\/vc_column][vc_column width=&#8221;1\/5&#8243; el_class=&#8221;col12&#8243;][vc_column_text css=&#8221;&#8221; el_class=&#8221;text-row-gallery color-secos&#8221;]<\/p>\n<h1>Conserva tus productos, entrega calidad.<\/h1>\n<p>[\/vc_column_text][\/vc_column][vc_column width=&#8221;1\/5&#8243; el_class=&#8221;col13&#8243; css=&#8221;.vc_custom_1762810943250{background-image: url(https:\/\/econtainers.co\/landings\/wp-content\/uploads\/2025\/10\/contenedores-refrigerados-flores.jpg?id=3201) !important;background-position: center !important;background-repeat: no-repeat !important;background-size: cover !important;}&#8221;][\/vc_column][vc_column width=&#8221;1\/5&#8243; el_class=&#8221;col14&#8243; css=&#8221;.vc_custom_1762810949272{background-image: url(https:\/\/econtainers.co\/landings\/wp-content\/uploads\/2025\/10\/contenedores-transporte.jpg?id=3202) !important;background-position: center !important;background-repeat: no-repeat !important;background-size: cover !important;}&#8221;][\/vc_column][vc_column width=&#8221;1\/5&#8243; el_class=&#8221;col15&#8243; css=&#8221;.vc_custom_1762810953855{background-image: url(https:\/\/econtainers.co\/landings\/wp-content\/uploads\/2025\/10\/contenedores-refrigerados-alimentos-congelados.jpg?id=3203) !important;background-position: center !important;background-repeat: no-repeat !important;background-size: cover !important;}&#8221;][\/vc_column][\/vc_row][vc_row equal_height=&#8221;yes&#8221; content_placement=&#8221;middle&#8221; el_class=&#8221;row-gallery2&#8243; css=&#8221;.vc_custom_1760551699802{margin-top: 0px !important;margin-right: 0px !important;margin-bottom: 0px !important;margin-left: 0px !important;padding-top: 0px !important;padding-right: 0px !important;padding-bottom: 0px !important;padding-left: 0px !important;}&#8221;][vc_column width=&#8221;1\/5&#8243; css=&#8221;.vc_custom_1762282512705{background-color: #6ccdea !important;}&#8221; el_class=&#8221;col21&#8243; offset=&#8221;vc_hidden-sm vc_hidden-xs&#8221;][\/vc_column][vc_column width=&#8221;1\/5&#8243; el_class=&#8221;col22&#8243; css=&#8221;.vc_custom_1762810957768{background-image: url(https:\/\/econtainers.co\/landings\/wp-content\/uploads\/2025\/10\/contenedores-refrigerados-bodega.jpg?id=3205) !important;background-position: center !important;background-repeat: no-repeat !important;background-size: cover !important;}&#8221;][\/vc_column][vc_column width=&#8221;1\/5&#8243; el_class=&#8221;col23&#8243; css=&#8221;.vc_custom_1762810961975{background-image: url(https:\/\/econtainers.co\/landings\/wp-content\/uploads\/2025\/10\/contenedores-refrigerados-alimentos-carnicos.jpg?id=3206) !important;background-position: center !important;background-repeat: no-repeat !important;background-size: cover !important;}&#8221;][\/vc_column][vc_column width=&#8221;1\/5&#8243; el_class=&#8221;col24&#8243;][vc_column_text css=&#8221;&#8221; el_class=&#8221;color-secos text-imgs-row&#8221;]<strong>C\u00e1rnicos, L\u00e1cteos, F\u00e1rmacos, Flor\u00edcolas, Agro&#8230;<\/strong>[\/vc_column_text][\/vc_column][vc_column width=&#8221;1\/5&#8243; css=&#8221;.vc_custom_1762282519616{background-color: #6ccdea !important;}&#8221; el_class=&#8221;col25&#8243; offset=&#8221;vc_hidden-sm vc_hidden-xs&#8221;][\/vc_column][\/vc_row][\/vc_section][vc_section full_width=&#8221;stretch_row_content&#8221; css=&#8221;.vc_custom_1760644668872{margin-top: 40px !important;margin-bottom: 60px !important;background-color: #084e5e !important;}&#8221; el_class=&#8221;sect-ventajas&#8221;][vc_row el_class=&#8221;content-landings&#8221;][vc_column][vc_column_text css=&#8221;&#8221; el_class=&#8221;title-ventajas&#8221;]<\/p>\n<h2>\u00a1Un contenedor refrigerado. Un mundo de ventajas!<\/h2>\n<p>[\/vc_column_text][\/vc_column][vc_column width=&#8221;1\/5&#8243;][vc_single_image image=&#8221;3410&#8243; img_size=&#8221;full&#8221; alignment=&#8221;center&#8221; css=&#8221;&#8221; el_class=&#8221;ico-vent&#8221;][vc_column_text css=&#8221;&#8221; el_class=&#8221;text-ico-vent&#8221;]<span style=\"font-weight: 400;\">Temperatura controlada seg\u00fan tu necesidad.<\/span>[\/vc_column_text][\/vc_column][vc_column width=&#8221;1\/5&#8243;][vc_single_image image=&#8221;3211&#8243; img_size=&#8221;full&#8221; alignment=&#8221;center&#8221; css=&#8221;&#8221; el_class=&#8221;ico-vent&#8221;][vc_column_text css=&#8221;&#8221; el_class=&#8221;text-ico-vent&#8221;]Mantenimiento y acompa\u00f1amiento t\u00e9cnico.[\/vc_column_text][\/vc_column][vc_column width=&#8221;1\/5&#8243;][vc_single_image image=&#8221;3070&#8243; img_size=&#8221;full&#8221; alignment=&#8221;center&#8221; css=&#8221;&#8221; el_class=&#8221;ico-vent&#8221;][vc_column_text css=&#8221;&#8221; el_class=&#8221;text-ico-vent&#8221;]Entregas r\u00e1pidas en ciudades principales.[\/vc_column_text][\/vc_column][vc_column width=&#8221;1\/5&#8243;][vc_single_image image=&#8221;3213&#8243; img_size=&#8221;full&#8221; alignment=&#8221;center&#8221; css=&#8221;&#8221; el_class=&#8221;ico-vent&#8221;][vc_column_text css=&#8221;&#8221; el_class=&#8221;text-ico-vent&#8221;]Tecnolog\u00eda confiable y lista para trabajar.[\/vc_column_text][\/vc_column][vc_column width=&#8221;1\/5&#8243;][vc_single_image image=&#8221;3072&#8243; img_size=&#8221;full&#8221; alignment=&#8221;center&#8221; css=&#8221;&#8221; el_class=&#8221;ico-vent&#8221;][vc_column_text css=&#8221;&#8221; el_class=&#8221;text-ico-vent&#8221;]Soluci\u00f3n para almacenaje y transporte. [\/vc_column_text][\/vc_column][\/vc_row][\/vc_section][vc_section full_width=&#8221;stretch_row_content&#8221; content_placement=&#8221;middle&#8221; el_class=&#8221;sec-steps&#8221; css=&#8221;.vc_custom_1761153968733{background-image: url(https:\/\/econtainers.co\/landings\/wp-content\/uploads\/2025\/10\/contenedor-refigerado.png?id=3208) !important;background-position: 0 0 !important;background-repeat: no-repeat !important;}&#8221;][vc_row equal_height=&#8221;yes&#8221; content_placement=&#8221;middle&#8221; el_class=&#8221;content-landings&#8221;][vc_column width=&#8221;1\/2&#8243;][vc_column_text css=&#8221;&#8221; el_class=&#8221;text-pasos&#8221;]<\/p>\n<h4>Tu reefer listo en 4 simples pasos<\/h4>\n<ul>\n<li><strong>1<\/strong> Te asesoramos en base a tu necesidad<\/li>\n<li><strong>2<\/strong> Eliges tu contenedor ideal<\/li>\n<li><strong>3<\/strong> Formalizamos y alistamos<\/li>\n<li><strong>4<\/strong> Entregamos donde lo necesites<\/li>\n<\/ul>\n<p>[\/vc_column_text][\/vc_column][vc_column width=&#8221;1\/2&#8243;][\/vc_column][\/vc_row][\/vc_section][vc_section full_width=&#8221;stretch_row_content&#8221; el_class=&#8221;sec-faqs&#8221;][vc_row el_class=&#8221;content-landings&#8221;][vc_column width=&#8221;1\/12&#8243;][\/vc_column][vc_column width=&#8221;5\/6&#8243;][vc_column_text css=&#8221;&#8221; el_class=&#8221;text-faqs&#8221;]<\/p>\n<h4>Preguntas frecuentes de nuestros clientes<\/h4>\n<p>[\/vc_column_text][vc_tta_accordion style=&#8221;flat&#8221; c_align=&#8221;center&#8221; c_icon=&#8221;triangle&#8221; c_position=&#8221;right&#8221; active_section=&#8221;20&#8243; collapsible_all=&#8221;true&#8221; el_class=&#8221;acordion-faqs&#8221;][vc_tta_section title=&#8221;\u00bfQu\u00e9 medidas tienen los contenedores refrigerados?&#8221; tab_id=&#8221;medidas-contenedor&#8221;][vc_column_text css=&#8221;&#8221; el_class=&#8221;text-into-faqs&#8221;]<strong>Contenedor Refrigerado 20 pies:<\/strong><\/p>\n<ul>\n<li>Externo: 6,06 m \u00d7 2,44 m \u00d7 2,90 m<\/li>\n<li>Interno \u00fatil: 5,46 m \u00d7 2,29 m \u00d7 2,45 m<\/li>\n<li>Volumen \u00fatil: 28 m\u00b3<\/li>\n<\/ul>\n<p><strong>Contenedor Refrigerado 40 pies HC:<\/strong><\/p>\n<ul>\n<li>Externo: 12,19 m \u00d7 2,44 m \u00d7 2,90 m<\/li>\n<li>Interno \u00fatil: 11,58 m \u00d7 2,29 m \u00d7 2,45 m<\/li>\n<li>Volumen \u00fatil: 66 m\u00b3<\/li>\n<\/ul>\n<p>[\/vc_column_text][\/vc_tta_section][vc_tta_section title=&#8221;\u00bfQu\u00e9 rango de temperatura manejan?&#8221; tab_id=&#8221;costo-transportar-contenedor&#8221;][vc_column_text css=&#8221;&#8221; el_class=&#8221;text-into-faqs&#8221;]Un contenedor refrigerado trabaja entre -25\u00b0C y +25\u00b0C. Sirven para productos congelados, refrigerados y a temperatura controlada.[\/vc_column_text][\/vc_tta_section][vc_tta_section title=&#8221;\u00bfQu\u00e9 energ\u00eda o conexi\u00f3n necesita?&#8221; tab_id=&#8221;personalizar-contenedor&#8221;][vc_column_text css=&#8221;&#8221; el_id=&#8221;text-into-faqs&#8221; el_class=&#8221;text-into-faqs&#8221;]El contenedor puede operar con 220V trif\u00e1sicos o 440V trif\u00e1sicos, debes contar con un m\u00ednimo disponible de 15 a 20 AMP en la l\u00ednea el\u00e9ctrica.<\/p>\n<p>\u00bfA\u00fan tienes dudas, o no tienes este suministro el\u00e9ctrico? Te asesoramos por llamada o con una visita t\u00e9cnica.<br \/>\n[\/vc_column_text][\/vc_tta_section][vc_tta_section title=&#8221;\u00bfSirve para refrigerar o congelar?&#8221; tab_id=&#8221;categorias-contenedores&#8221;][vc_column_text css=&#8221;&#8221; el_class=&#8221;text-into-faqs&#8221;]- Refrigerar: S\u00ed. Mantiene sin problema rangos t\u00edpicos de 0\u201315\u00b0C.<br \/>\n&#8211; Congelar: S\u00ed, depende de la carga, cont\u00e1ctanos y te asesoramos.<br \/>\n[\/vc_column_text][\/vc_tta_section][vc_tta_section title=&#8221;\u00bfCu\u00e1ntas toneladas puede almacenar?&#8221; tab_id=&#8221;mantenimiento-contenedor-usado&#8221;][vc_column_text css=&#8221;&#8221; el_class=&#8221;text-into-faqs&#8221;]Depende del tama\u00f1o y del tipo de producto (densidad, empaque y c\u00f3mo se estiba).<br \/>\nComo referencia a m\u00e1xima capacidad:<\/p>\n<p>Contenedor 20\u2019 Reefer: de 10 &#8211; 15 toneladas de carga \u00fatil.<br \/>\nContenedor 40\u2019 High Cube Reefer: de 25 &#8211; 27 toneladas de carga \u00fatil.<\/p>\n<p>Si tienes alguna duda nosotros te asesoramos.[\/vc_column_text][\/vc_tta_section][\/vc_tta_accordion][vc_column_text css=&#8221;&#8221; el_class=&#8221;btn-footter&#8221;]<a class=\"bg-secosw\" href=\"#formulario\">\u00a1QUIERO HABLAR CON UN ASESOR!<\/a>[\/vc_column_text][\/vc_column][vc_column width=&#8221;1\/12&#8243;][\/vc_column][\/vc_row][\/vc_section][vc_section full_width=&#8221;stretch_row_content&#8221; el_class=&#8221;pie-landing bg-secos&#8221;][vc_row el_class=&#8221;content-landings&#8221;][vc_column][vc_column_text css=&#8221;&#8221; el_class=&#8221;title-pie-land&#8221;]<\/p>\n<h5>Contacto<\/h5>\n<p>[\/vc_column_text][\/vc_column][vc_column width=&#8221;1\/4&#8243;][vc_column_text css=&#8221;&#8221; el_class=&#8221;info-text-pie&#8221;]<\/p>\n<h6>Correo<\/h6>\n<p>info@econtainers.co[\/vc_column_text][\/vc_column][vc_column width=&#8221;1\/4&#8243;][vc_column_text css=&#8221;&#8221; el_class=&#8221;info-text-pie&#8221;]<\/p>\n<h6>N\u00famero Telef\u00f3nico<\/h6>\n<p>(601) 794 0250[\/vc_column_text][\/vc_column][vc_column width=&#8221;1\/4&#8243;][vc_column_text css=&#8221;&#8221; el_class=&#8221;info-text-pie&#8221;]<\/p>\n<h6>Whatsapp<\/h6>\n<p>(+57) 304 357 2292<br \/>\n(+57) 315 899 6518[\/vc_column_text][\/vc_column][vc_column width=&#8221;1\/4&#8243;][vc_column_text css=&#8221;&#8221; el_class=&#8221;info-text-pie&#8221;]<\/p>\n<h6>O\ufb01cina Bogot\u00e1<\/h6>\n<p>Avenida Cra 45 # 106 &#8211; 71[\/vc_column_text][\/vc_column][\/vc_row][\/vc_section]<\/p>\n<\/div>","protected":false},"excerpt":{"rendered":"<p>[vc_section full_width=&#8221;stretch_row_content&#8221; content_placement=&#8221;bottom&#8221; el_class=&#8221;head-landings&#8221; css=&#8221;.vc_custom_1761165128957{margin-top: 0px !important;margin-bottom: 0px !important;padding-top: 0px !important;padding-bottom: 0px !important;background-image: url(https:\/\/econtainers.co\/landings\/wp-content\/uploads\/2025\/10\/hero-contenedores-refrigerados.jpg?id=3198) !important;background-position: center !important;background-repeat: no-repeat !important;background-size: cover !important;}&#8221;][vc_row el_class=&#8221;content-landings row-text-hero&#8221;][vc_column width=&#8221;7\/12&#8243;][vc_column_text css=&#8221;&#8221;] CONSERVA TU CARGA FRESCA, EN TODO MOMENTO Y LUGAR. Alquila o compra contenedores refrigerados, mant\u00e9n tus productos perecederos a la temperatura ideal.[\/vc_column_text][\/vc_column][vc_column width=&#8221;5\/12&#8243;][\/vc_column][\/vc_row][\/vc_section][vc_section full_width=&#8221;stretch_row_content&#8221; content_placement=&#8221;middle&#8221; css=&#8221;.vc_custom_1760634473053{margin-top: 0px !important;margin-bottom: 0px !important;padding-top: [&hellip;]<\/p>\n","protected":false},"author":1,"featured_media":0,"parent":0,"menu_order":0,"comment_status":"closed","ping_status":"closed","template":"lps-2025.php","meta":[],"_links":{"self":[{"href":"https:\/\/econtainers.co\/landings\/wp-json\/wp\/v2\/pages\/3120"}],"collection":[{"href":"https:\/\/econtainers.co\/landings\/wp-json\/wp\/v2\/pages"}],"about":[{"href":"https:\/\/econtainers.co\/landings\/wp-json\/wp\/v2\/types\/page"}],"author":[{"embeddable":true,"href":"https:\/\/econtainers.co\/landings\/wp-json\/wp\/v2\/users\/1"}],"replies":[{"embeddable":true,"href":"https:\/\/econtainers.co\/landings\/wp-json\/wp\/v2\/comments?post=3120"}],"version-history":[{"count":27,"href":"https:\/\/econtainers.co\/landings\/wp-json\/wp\/v2\/pages\/3120\/revisions"}],"predecessor-version":[{"id":3411,"href":"https:\/\/econtainers.co\/landings\/wp-json\/wp\/v2\/pages\/3120\/revisions\/3411"}],"wp:attachment":[{"href":"https:\/\/econtainers.co\/landings\/wp-json\/wp\/v2\/media?parent=3120"}],"curies":[{"name":"wp","href":"https:\/\/api.w.org\/{rel}","templated":true}]}}