{"id":3118,"date":"2025-10-16T12:40:46","date_gmt":"2025-10-16T17:40:46","guid":{"rendered":"https:\/\/econtainers.co\/landings\/?page_id=3118"},"modified":"2025-11-20T11:43:58","modified_gmt":"2025-11-20T16:43:58","slug":"landing-construccion","status":"publish","type":"page","link":"https:\/\/econtainers.co\/landings\/landing-construccion\/","title":{"rendered":"Landing Construcci\u00f3n"},"content":{"rendered":"<div class=\"wpb-content-wrapper\"><p>[vc_section full_width=&#8221;stretch_row_content&#8221; content_placement=&#8221;bottom&#8221; el_class=&#8221;head-landings&#8221; css=&#8221;.vc_custom_1761165442730{margin-top: 0px !important;margin-bottom: 0px !important;padding-top: 0px !important;padding-bottom: 0px !important;background-image: url(https:\/\/econtainers.co\/landings\/wp-content\/uploads\/2025\/10\/fondo-oficinas-en-contenedores.jpg?id=3143) !important;background-position: center !important;background-repeat: no-repeat !important;background-size: cover !important;}&#8221;][vc_row el_class=&#8221;content-landings row-text-hero&#8221;][vc_column width=&#8221;7\/12&#8243;][vc_column_text css=&#8221;&#8221;]<\/p>\n<h3>CONVIERTE TU IDEA<br \/>\nEN UN ESPACIO REAL<\/h3>\n<p>Dise\u00f1amos y transformamos contenedores mar\u00edtimos en espacios modernos, sostenibles y funcionales.[\/vc_column_text][\/vc_column][vc_column width=&#8221;5\/12&#8243;][\/vc_column][\/vc_row][\/vc_section][vc_section full_width=&#8221;stretch_row_content&#8221; content_placement=&#8221;middle&#8221; css=&#8221;.vc_custom_1760634473053{margin-top: 0px !important;margin-bottom: 0px !important;padding-top: 0px !important;padding-bottom: 0px !important;}&#8221; el_class=&#8221;sec-ventajas&#8221; el_id=&#8221;formulario&#8221;][vc_row equal_height=&#8221;yes&#8221; content_placement=&#8221;middle&#8221; el_class=&#8221;content-landings row-form-block-lps&#8221;][vc_column width=&#8221;1\/2&#8243;][vc_column_text css=&#8221;&#8221; el_class=&#8221;form-landings-25 bg-secos&#8221;]Datos Personales<br \/>\n\n<div class=\"wpcf7 no-js\" id=\"wpcf7-f3350-o1\" lang=\"es-CO\" dir=\"ltr\">\n<div class=\"screen-reader-response\"><p role=\"status\" aria-live=\"polite\" aria-atomic=\"true\"><\/p> <ul><\/ul><\/div>\n<form action=\"\/landings\/wp-json\/wp\/v2\/pages\/3118#wpcf7-f3350-o1\" method=\"post\" class=\"wpcf7-form init\" aria-label=\"Formulario de contacto\" novalidate=\"novalidate\" data-status=\"init\">\n<div style=\"display: none;\">\n<input type=\"hidden\" name=\"_wpcf7\" value=\"3350\" \/>\n<input type=\"hidden\" name=\"_wpcf7_version\" value=\"5.9.7\" \/>\n<input type=\"hidden\" name=\"_wpcf7_locale\" value=\"es_CO\" \/>\n<input type=\"hidden\" name=\"_wpcf7_unit_tag\" value=\"wpcf7-f3350-o1\" \/>\n<input type=\"hidden\" name=\"_wpcf7_container_post\" value=\"0\" \/>\n<input type=\"hidden\" name=\"_wpcf7_posted_data_hash\" value=\"\" \/>\n<input type=\"hidden\" name=\"_wpcf7cf_hidden_group_fields\" value=\"[]\" \/>\n<input type=\"hidden\" name=\"_wpcf7cf_hidden_groups\" value=\"[]\" \/>\n<input type=\"hidden\" name=\"_wpcf7cf_visible_groups\" value=\"[]\" \/>\n<input type=\"hidden\" name=\"_wpcf7cf_repeaters\" value=\"[]\" \/>\n<input type=\"hidden\" name=\"_wpcf7cf_steps\" value=\"{}\" \/>\n<input type=\"hidden\" name=\"_wpcf7cf_options\" value=\"{&quot;form_id&quot;:3350,&quot;conditions&quot;:[],&quot;settings&quot;:{&quot;animation&quot;:&quot;yes&quot;,&quot;animation_intime&quot;:200,&quot;animation_outtime&quot;:200,&quot;conditions_ui&quot;:&quot;normal&quot;,&quot;notice_dismissed&quot;:false,&quot;notice_dismissed_rollback-cf7-5.8.6&quot;:true,&quot;notice_dismissed_rollback-cf7-5.8.7&quot;:true,&quot;notice_dismissed_rollback-cf7-5.9.2&quot;:true,&quot;notice_dismissed_rollback-cf7-5.9.5&quot;:true,&quot;notice_dismissed_update-cf7-6.1.2&quot;:true}}\" \/>\n<\/div>\n<div class=\"row-form\">\n<div class=\"col-form2\">\n<span class=\"wpcf7-form-control-wrap\" data-name=\"nombre\"><input size=\"40\" maxlength=\"400\" class=\"wpcf7-form-control wpcf7-text wpcf7-validates-as-required\" autocomplete=\"name\" aria-required=\"true\" aria-invalid=\"false\" placeholder=\"Nombre*\" value=\"\" type=\"text\" name=\"nombre\" \/><\/span>\n<\/div>\n<div class=\"col-form2\">\n<span class=\"wpcf7-form-control-wrap\" data-name=\"apellido\"><input size=\"40\" maxlength=\"400\" class=\"wpcf7-form-control wpcf7-text wpcf7-validates-as-required\" autocomplete=\"name\" aria-required=\"true\" aria-invalid=\"false\" placeholder=\"Apellido*\" value=\"\" type=\"text\" name=\"apellido\" \/><\/span> \n<\/div>\n<\/div>\n<div class=\"row-form\">\n<div class=\"col-form2\">\n<span class=\"wpcf7-form-control-wrap departamento_auto departamento-302\"><select class=\"wpcf7-form-control wpcf7-departamento wpcf7-validates-as-required wpcf7-select departamento\" aria-required=\"true\" aria-invalid=\"false\" name=\"departamento-302\" ><option value=\"0\">Departamento*<\/option><option value='Amazonas' data-id='1'>Amazonas<\/option><option value='Antioquia' data-id='2'>Antioquia<\/option><option value='Arauca' data-id='3'>Arauca<\/option><option value='Archipi\u00e9lago De San Andr\u00e9s' data-id='4'>Archipi\u00e9lago De San Andr\u00e9s<\/option><option value='Atl\u00e1ntico' data-id='5'>Atl\u00e1ntico<\/option><option value='Bogot\u00e1, D.C.' data-id='6'>Bogot\u00e1, D.C.<\/option><option value='Bol\u00edvar' data-id='7'>Bol\u00edvar<\/option><option value='Boyac\u00e1' data-id='8'>Boyac\u00e1<\/option><option value='Caldas' data-id='9'>Caldas<\/option><option value='Caquet\u00e1' data-id='10'>Caquet\u00e1<\/option><option value='Casanare' data-id='11'>Casanare<\/option><option value='Cauca' data-id='12'>Cauca<\/option><option value='Cesar' data-id='13'>Cesar<\/option><option value='Choc\u00f3' data-id='14'>Choc\u00f3<\/option><option value='C\u00f3rdoba' data-id='15'>C\u00f3rdoba<\/option><option value='Cundinamarca' data-id='16'>Cundinamarca<\/option><option value='Guain\u00eda' data-id='17'>Guain\u00eda<\/option><option value='Guaviare' data-id='18'>Guaviare<\/option><option value='Huila' data-id='19'>Huila<\/option><option value='La Guajira' data-id='20'>La Guajira<\/option><option value='Magdalena' data-id='21'>Magdalena<\/option><option value='Meta' data-id='22'>Meta<\/option><option value='Nari\u00f1o' data-id='23'>Nari\u00f1o<\/option><option value='Norte De Santander' data-id='24'>Norte De Santander<\/option><option value='Putumayo' data-id='25'>Putumayo<\/option><option value='Quindio' data-id='26'>Quindio<\/option><option value='Risaralda' data-id='27'>Risaralda<\/option><option value='Santander' data-id='28'>Santander<\/option><option value='Sucre' data-id='29'>Sucre<\/option><option value='Tolima' data-id='30'>Tolima<\/option><option value='Valle Del Cauca' data-id='31'>Valle Del Cauca<\/option><option value='Vaup\u00e9s' data-id='32'>Vaup\u00e9s<\/option><option value='Vichada' data-id='32'>Vichada<\/option><\/select><\/span>\n<\/div>\n<div class=\"col-form2\">\n<span class=\"wpcf7-form-control-wrap ciudad ciudad-738\"><select class=\"wpcf7-form-control wpcf7-ciudad wpcf7-validates-as-required wpcf7-select ciudad\" aria-required=\"true\" aria-invalid=\"false\" name=\"ciudad-738\" disabled><option value=\"0\">Ciudad*<\/option><\/select><\/span>\n<\/div>\n<\/div>\n<div class=\"row-form\">\n<div class=\"col-form3\">\n<span class=\"wpcf7-form-control-wrap\" data-name=\"your-email\"><input size=\"40\" maxlength=\"400\" class=\"wpcf7-form-control wpcf7-email wpcf7-validates-as-required wpcf7-text wpcf7-validates-as-email\" autocomplete=\"email\" aria-required=\"true\" aria-invalid=\"false\" placeholder=\"Correo*\" value=\"\" type=\"email\" name=\"your-email\" \/><\/span>\n<\/div>\n<div class=\"col-form3\">\n<span class=\"wpcf7-form-control-wrap\" data-name=\"celular\"><input size=\"40\" maxlength=\"400\" class=\"wpcf7-form-control wpcf7-tel wpcf7-validates-as-required wpcf7-text wpcf7-validates-as-tel\" autocomplete=\"phone\" aria-required=\"true\" aria-invalid=\"false\" placeholder=\"Celular*\" value=\"\" type=\"tel\" name=\"celular\" \/><\/span>\n<\/div>\n<div class=\"col-form3\">\n<span class=\"wpcf7-form-control-wrap\" data-name=\"empresa\"><input size=\"40\" maxlength=\"400\" class=\"wpcf7-form-control wpcf7-text wpcf7-validates-as-required\" autocomplete=\"name\" aria-required=\"true\" aria-invalid=\"false\" placeholder=\"Nombre de Empresa\" value=\"\" type=\"text\" name=\"empresa\" \/><\/span>\n<\/div>\n<\/div>\n<div class=\"row-form\">\n<div class=\"col-form2\">\n<span class=\"wpcf7-form-control-wrap\" data-name=\"NIT\"><input size=\"40\" maxlength=\"400\" class=\"wpcf7-form-control wpcf7-text wpcf7-validates-as-required\" id=\"nit\" autocomplete=\"name\" aria-required=\"true\" aria-invalid=\"false\" placeholder=\"NIT*\" value=\"\" type=\"text\" name=\"NIT\" \/><\/span>\n<\/div>\n<div class=\"col-form2\">\n<span class=\"wpcf7-form-control-wrap\" data-name=\"fecha\"><input size=\"40\" maxlength=\"400\" class=\"wpcf7-form-control wpcf7-text wpcf7-validates-as-required fecha-campo\" aria-required=\"true\" aria-invalid=\"false\" placeholder=\"\u00bfEn qu\u00e9 fecha lo requieres?*\" value=\"\" type=\"text\" name=\"fecha\" \/><\/span>\n<\/div>\n<\/div>\n<div class=\"row-form\">\n<div class=\"col-form2 colsector\">\n<span class=\"wpcf7-form-control-wrap\" data-name=\"sector\"><select class=\"wpcf7-form-control wpcf7-select wpcf7-validates-as-required\" id=\"sector\" aria-required=\"true\" aria-invalid=\"false\" name=\"sector\"><option value=\"\">Sector<\/option><option value=\"Construcci\u00f3n y obras civiles\">Construcci\u00f3n y obras civiles<\/option><option value=\"Log\u00edstica y transporte\">Log\u00edstica y transporte<\/option><option value=\"Comercio exterior \/ Importaci\u00f3n y exportaci\u00f3n\">Comercio exterior \/ Importaci\u00f3n y exportaci\u00f3n<\/option><option value=\"Alimentos y bebidas\">Alimentos y bebidas<\/option><option value=\"Agricultura y floricultura\">Agricultura y floricultura<\/option><option value=\"Energ\u00eda y miner\u00eda\">Energ\u00eda y miner\u00eda<\/option><option value=\"Industria manufacturera\">Industria manufacturera<\/option><option value=\"Educaci\u00f3n y proyectos institucionales\">Educaci\u00f3n y proyectos institucionales<\/option><option value=\"Salud y laboratorios\">Salud y laboratorios<\/option><option value=\"Turismo y hospitalidad\">Turismo y hospitalidad<\/option><option value=\"Vivienda y proyectos residenciales\">Vivienda y proyectos residenciales<\/option><option value=\"Eventos y ferias\">Eventos y ferias<\/option><option value=\"Tecnolog\u00eda y telecomunicaciones\">Tecnolog\u00eda y telecomunicaciones<\/option><option value=\"Sector p\u00fablico \/ contrataci\u00f3n estatal\">Sector p\u00fablico \/ contrataci\u00f3n estatal<\/option><option value=\"Otro (especificar)\">Otro (especificar)<\/option><\/select><\/span>\n<\/div>\n<\/div>\n<div class=\"row-form inpPolitics\">\n<span class=\"wpcf7-form-control-wrap\" data-name=\"politica\"><span class=\"wpcf7-form-control wpcf7-acceptance\"><span class=\"wpcf7-list-item\"><label><input type=\"checkbox\" name=\"politica\" value=\"1\" class=\"opcional\" aria-invalid=\"false\" \/><span class=\"wpcf7-list-item-label\">Estoy de acuerdo con las <a\n                href=\"https:\/\/storage.googleapis.com\/cdn-econtainer-co\/pdfs\/P%C3%93LITICA%20DE%20TRATAMIENTO%20DE%20DATOS%20FINAL.pdf\"\n                target=\"_blank\">Pol\u00edticas de Privacidad y Tratamientos de Datos<\/a><\/span><\/label><\/span><\/span><\/span>\n<\/div>\n<div class=\"row-send btn-secos\">\n<input class=\"wpcf7-form-control wpcf7-hidden\" id=\"utm_source\" value=\"Formulario Web\" type=\"hidden\" name=\"utm_source\" \/>\n<input class=\"wpcf7-form-control wpcf7-hidden\" id=\"utm_medium\" value=\"\" type=\"hidden\" name=\"utm_medium\" \/>\n<input class=\"wpcf7-form-control wpcf7-hidden\" id=\"utm_campaign\" value=\"\" type=\"hidden\" name=\"utm_campaign\" \/>\n<input class=\"wpcf7-form-control wpcf7-hidden\" id=\"utm_term\" value=\"\" type=\"hidden\" name=\"utm_term\" \/>\n<input class=\"wpcf7-form-control wpcf7-hidden\" value=\"Construccion\" type=\"hidden\" name=\"nombre_formulario\" \/>\n<input class=\"wpcf7-form-control wpcf7-submit has-spinner\" type=\"submit\" value=\"\u00a1Quiero hablar con un asesor!\" \/>\n<\/div><div class=\"wpcf7-response-output\" aria-hidden=\"true\"><\/div>\n<\/form>\n<\/div>\n[\/vc_column_text][\/vc_column][vc_column width=&#8221;1\/2&#8243;][vc_column_text css=&#8221;&#8221; el_class=&#8221;text-right-form color-secos&#8221;]<\/p>\n<h2>\u00bfListo para darle forma a tu proyecto?<\/h2>\n<ul>\n<li>Dise\u00f1os a la medida<\/li>\n<li>Espacios listos para trabajar<\/li>\n<li>Optimizaci\u00f3n de recursos<\/li>\n<\/ul>\n<p>[\/vc_column_text][\/vc_column][vc_column][vc_column_text css=&#8221;&#8221; el_class=&#8221;text-footer-form color-secos&#8221;]D\u00e9janos tus datos y uno de nuestros expertos te guiar\u00e1 paso a paso[\/vc_column_text][\/vc_column][\/vc_row][\/vc_section][vc_section full_width=&#8221;stretch_row_content&#8221; el_class=&#8221;sect-images&#8221; css=&#8221;.vc_custom_1760564079980{margin-top: 0px !important;margin-right: 0px !important;margin-bottom: 0px !important;margin-left: 0px !important;padding-top: 20px !important;padding-right: 0px !important;padding-bottom: 20px !important;padding-left: 0px !important;}&#8221;][vc_row equal_height=&#8221;yes&#8221; content_placement=&#8221;middle&#8221; el_class=&#8221;row-gallery1&#8243; css=&#8221;.vc_custom_1760561651680{margin-top: 0px !important;margin-right: 0px !important;margin-left: 0px !important;padding-top: 0px !important;padding-right: 0px !important;padding-bottom: 0px !important;padding-left: 0px !important;}&#8221;][vc_column width=&#8221;1\/5&#8243; el_class=&#8221;col11&#8243; css=&#8221;.vc_custom_1762811014238{background-image: url(https:\/\/econtainers.co\/landings\/wp-content\/uploads\/2025\/10\/proyectos-de-contenedores.jpg?id=3145) !important;background-position: center !important;background-repeat: no-repeat !important;background-size: cover !important;}&#8221;][\/vc_column][vc_column width=&#8221;1\/5&#8243; el_class=&#8221;col12&#8243;][vc_column_text css=&#8221;&#8221; el_class=&#8221;text-row-gallery color-secos&#8221;]<\/p>\n<h1>Lo que imaginas, podemos construirlo contigo.<\/h1>\n<p>[\/vc_column_text][\/vc_column][vc_column width=&#8221;1\/5&#8243; el_class=&#8221;col13&#8243; css=&#8221;.vc_custom_1762811018782{background-image: url(https:\/\/econtainers.co\/landings\/wp-content\/uploads\/2025\/10\/contenedores-para-comida.jpg?id=3183) !important;background-position: center !important;background-repeat: no-repeat !important;background-size: cover !important;}&#8221;][\/vc_column][vc_column width=&#8221;1\/5&#8243; el_class=&#8221;col14&#8243; css=&#8221;.vc_custom_1762811022784{background-image: url(https:\/\/econtainers.co\/landings\/wp-content\/uploads\/2025\/10\/contenedor-para-vivienda.jpg?id=3184) !important;background-position: center !important;background-repeat: no-repeat !important;background-size: cover !important;}&#8221;][\/vc_column][vc_column width=&#8221;1\/5&#8243; el_class=&#8221;col15&#8243; css=&#8221;.vc_custom_1762811027366{background-image: url(https:\/\/econtainers.co\/landings\/wp-content\/uploads\/2025\/10\/contenedor-para-marketing.jpg?id=3186) !important;background-position: center !important;background-repeat: no-repeat !important;background-size: cover !important;}&#8221;][\/vc_column][\/vc_row][vc_row equal_height=&#8221;yes&#8221; content_placement=&#8221;middle&#8221; el_class=&#8221;row-gallery2&#8243; css=&#8221;.vc_custom_1760551699802{margin-top: 0px !important;margin-right: 0px !important;margin-bottom: 0px !important;margin-left: 0px !important;padding-top: 0px !important;padding-right: 0px !important;padding-bottom: 0px !important;padding-left: 0px !important;}&#8221;][vc_column width=&#8221;1\/5&#8243; css=&#8221;.vc_custom_1762282447037{background-color: #2ec532 !important;}&#8221; el_class=&#8221;col21&#8243; offset=&#8221;vc_hidden-sm vc_hidden-xs&#8221;][\/vc_column][vc_column width=&#8221;1\/5&#8243; el_class=&#8221;col22&#8243; css=&#8221;.vc_custom_1762811031099{background-image: url(https:\/\/econtainers.co\/landings\/wp-content\/uploads\/2025\/10\/contenedor-bodega.jpg?id=3043) !important;background-position: center !important;background-repeat: no-repeat !important;background-size: cover !important;}&#8221;][\/vc_column][vc_column width=&#8221;1\/5&#8243; el_class=&#8221;col23&#8243; css=&#8221;.vc_custom_1762811035101{background-image: url(https:\/\/econtainers.co\/landings\/wp-content\/uploads\/2025\/10\/oficinas-en-contenedores.jpg?id=3149) !important;background-position: center !important;background-repeat: no-repeat !important;background-size: cover !important;}&#8221;][\/vc_column][vc_column width=&#8221;1\/5&#8243; el_class=&#8221;col24&#8243;][vc_column_text css=&#8221;&#8221; el_class=&#8221;color-secos text-imgs-row&#8221;]<strong>Oficinas, restaurantes, locales comerciales, salas de venta&#8230;<\/strong>[\/vc_column_text][\/vc_column][vc_column width=&#8221;1\/5&#8243; css=&#8221;.vc_custom_1762282452930{background-color: #2ec532 !important;}&#8221; el_class=&#8221;col25&#8243; offset=&#8221;vc_hidden-sm vc_hidden-xs&#8221;][\/vc_column][\/vc_row][\/vc_section][vc_section full_width=&#8221;stretch_row_content&#8221; css=&#8221;.vc_custom_1760644284964{margin-top: 40px !important;margin-bottom: 60px !important;background-color: #05281b !important;}&#8221; el_class=&#8221;sect-ventajas&#8221;][vc_row el_class=&#8221;content-landings&#8221;][vc_column][vc_column_text css=&#8221;&#8221; el_class=&#8221;title-ventajas&#8221;]<\/p>\n<h2>\u00bfPor qu\u00e9 elegir construcci\u00f3n modular para tu proyecto?<\/h2>\n<p>[\/vc_column_text][\/vc_column][vc_column width=&#8221;1\/5&#8243;][vc_single_image image=&#8221;3151&#8243; img_size=&#8221;full&#8221; alignment=&#8221;center&#8221; css=&#8221;&#8221; el_class=&#8221;ico-vent&#8221;][vc_column_text css=&#8221;&#8221; el_class=&#8221;text-ico-vent&#8221;]<span style=\"font-weight: 400;\">Tu espacio listo en semanas, no meses.<\/span>[\/vc_column_text][\/vc_column][vc_column width=&#8221;1\/5&#8243;][vc_single_image image=&#8221;3156&#8243; img_size=&#8221;full&#8221; alignment=&#8221;center&#8221; css=&#8221;&#8221; el_class=&#8221;ico-vent&#8221;][vc_column_text css=&#8221;&#8221; el_class=&#8221;text-ico-vent&#8221;]Soluciones personalizadas que reflejan tu identidad.[\/vc_column_text][\/vc_column][vc_column width=&#8221;1\/5&#8243;][vc_single_image image=&#8221;3158&#8243; img_size=&#8221;full&#8221; alignment=&#8221;center&#8221; css=&#8221;&#8221; el_class=&#8221;ico-vent&#8221;][vc_column_text css=&#8221;&#8221; el_class=&#8221;text-ico-vent&#8221;]Reducimos el impacto ambiental.[\/vc_column_text][\/vc_column][vc_column width=&#8221;1\/5&#8243;][vc_single_image image=&#8221;3153&#8243; img_size=&#8221;full&#8221; alignment=&#8221;center&#8221; css=&#8221;&#8221; el_class=&#8221;ico-vent&#8221;][vc_column_text css=&#8221;&#8221; el_class=&#8221;text-ico-vent&#8221;]M\u00e1s econ\u00f3mico que la construcci\u00f3n tradicional.<br \/>\n[\/vc_column_text][\/vc_column][vc_column width=&#8221;1\/5&#8243;][vc_single_image image=&#8221;3154&#8243; img_size=&#8221;full&#8221; alignment=&#8221;center&#8221; css=&#8221;&#8221; el_class=&#8221;ico-vent&#8221;][vc_column_text css=&#8221;&#8221; el_class=&#8221;text-ico-vent&#8221;]Estructuras resistentes y seguras.[\/vc_column_text][\/vc_column][\/vc_row][\/vc_section][vc_section full_width=&#8221;stretch_row_content&#8221; content_placement=&#8221;middle&#8221; el_class=&#8221;sec-steps&#8221; css=&#8221;.vc_custom_1761165612057{background-image: url(https:\/\/econtainers.co\/landings\/wp-content\/uploads\/2025\/10\/contenedores-modulares.png?id=3160) !important;background-position: 0 0 !important;background-repeat: no-repeat !important;}&#8221;][vc_row equal_height=&#8221;yes&#8221; content_placement=&#8221;middle&#8221; el_class=&#8221;content-landings&#8221;][vc_column width=&#8221;1\/2&#8243;][vc_column_text css=&#8221;&#8221; el_class=&#8221;text-pasos&#8221;]<\/p>\n<h4>As\u00ed construimos tu proyecto modular en 4 pasos<\/h4>\n<ul>\n<li><strong>1<\/strong> Entendemos tus necesidades y objetivos<\/li>\n<li><strong>2<\/strong> Dise\u00f1amos tu espacio<\/li>\n<li><strong>3<\/strong> Construimos y adaptamos<\/li>\n<li><strong>4<\/strong> Entregamos tu proyecto donde lo necesites<\/li>\n<\/ul>\n<p>[\/vc_column_text][\/vc_column][vc_column width=&#8221;1\/2&#8243;][\/vc_column][\/vc_row][\/vc_section][vc_section full_width=&#8221;stretch_row_content&#8221; el_class=&#8221;sec-faqs&#8221;][vc_row el_class=&#8221;content-landings&#8221;][vc_column width=&#8221;1\/12&#8243;][\/vc_column][vc_column width=&#8221;5\/6&#8243;][vc_column_text css=&#8221;&#8221; el_class=&#8221;text-faqs&#8221;]<\/p>\n<h4>Preguntas frecuentes de nuestros clientes<\/h4>\n<p>[\/vc_column_text][vc_tta_accordion style=&#8221;flat&#8221; c_align=&#8221;center&#8221; c_icon=&#8221;triangle&#8221; c_position=&#8221;right&#8221; active_section=&#8221;20&#8243; collapsible_all=&#8221;true&#8221; el_class=&#8221;acordion-faqs&#8221;][vc_tta_section title=&#8221;\u00bfQu\u00e9 medidas tienen las unidades?&#8221; tab_id=&#8221;medidas-contenedor&#8221;][vc_column_text css=&#8221;&#8221; el_class=&#8221;text-into-faqs&#8221;]Podemos hacerlo a la medida de tu proyecto (dimensiones y especificaciones que necesites). Adem\u00e1s, contamos con unidades est\u00e1ndar de 10\u2019, 20\u2019, 40\u2019 y 40\u2019 High Cube listas para entrega.[\/vc_column_text][\/vc_tta_section][vc_tta_section title=&#8221;\u00bfQu\u00e9 adecuaciones debe tener el terreno?&#8221; tab_id=&#8221;costo-transportar-contenedor&#8221;][vc_column_text css=&#8221;&#8221; el_class=&#8221;text-into-faqs&#8221;]<span style=\"font-weight: 400;\">Cada proyecto es diferente: lo recomendado es un terreno nivelado y compacto. Nosotros realizamos la revisi\u00f3n y te guiamos con las adecuaciones necesarias.<\/span>[\/vc_column_text][\/vc_tta_section][vc_tta_section title=&#8221;\u00bfCu\u00e1l es el precio por metro cuadrado?&#8221; tab_id=&#8221;personalizar-contenedor&#8221;][vc_column_text css=&#8221;&#8221; el_id=&#8221;text-into-faqs&#8221; el_class=&#8221;text-into-faqs&#8221;]<span style=\"font-weight: 400;\">Cada caso es distinto, requiere una consulta personalizada. Depende del lugar, los acabados y el tipo de construcci\u00f3n, entre otros detalles.<\/span>[\/vc_column_text][\/vc_tta_section][vc_tta_section title=&#8221;\u00bfCu\u00e1ntos puestos de trabajo se pueden ubicar en una oficina?&#8221; tab_id=&#8221;categorias-contenedores&#8221;][vc_column_text css=&#8221;&#8221; el_class=&#8221;text-into-faqs&#8221;]La capacidad puede variar seg\u00fan tu mobiliario y distribuci\u00f3n. En una oficina est\u00e1ndar de 20 pies pueden ubicarse alrededor de 4 a 5 personas, en una de 40 pies alrededor de 10 a 11 personas.[\/vc_column_text][\/vc_tta_section][vc_tta_section title=&#8221;\u00bfQu\u00e9 tipos de acabados manejan?&#8221; tab_id=&#8221;mantenimiento-contenedor-usado&#8221;][vc_column_text css=&#8221;&#8221; el_class=&#8221;text-into-faqs&#8221;]Ofrecemos una amplia variedad de acabados que se adaptan a las necesidades y preferencias de cada persona. Desde acabados b\u00e1sicos y funcionales hasta acabados de lujo y dise\u00f1o, podemos convertir un contenedor en el espacio que imagines.<\/p>\n<p>Nuestro equipo de expertos trabaja estrechamente con cada cliente para entender sus necesidades y preferencias, y as\u00ed crear un espacio que se adapte perfectamente a sus necesidades.[\/vc_column_text][\/vc_tta_section][\/vc_tta_accordion][vc_column_text css=&#8221;&#8221; el_class=&#8221;btn-footter&#8221;]<a class=\"bg-secos\" href=\"#formulario\">\u00a1QUIERO HABLAR CON UN ASESOR!<\/a>[\/vc_column_text][\/vc_column][vc_column width=&#8221;1\/12&#8243;][\/vc_column][\/vc_row][\/vc_section][vc_section full_width=&#8221;stretch_row_content&#8221; el_class=&#8221;pie-landing bg-secos&#8221;][vc_row el_class=&#8221;content-landings&#8221;][vc_column][vc_column_text css=&#8221;&#8221; el_class=&#8221;title-pie-land&#8221;]<\/p>\n<h5>Contacto<\/h5>\n<p>[\/vc_column_text][\/vc_column][vc_column width=&#8221;1\/4&#8243;][vc_column_text css=&#8221;&#8221; el_class=&#8221;info-text-pie&#8221;]<\/p>\n<h6>Correo<\/h6>\n<p>info@econtainers.co[\/vc_column_text][\/vc_column][vc_column width=&#8221;1\/4&#8243;][vc_column_text css=&#8221;&#8221; el_class=&#8221;info-text-pie&#8221;]<\/p>\n<h6>N\u00famero Telef\u00f3nico<\/h6>\n<p>(601) 794 0250[\/vc_column_text][\/vc_column][vc_column width=&#8221;1\/4&#8243;][vc_column_text css=&#8221;&#8221; el_class=&#8221;info-text-pie&#8221;]<\/p>\n<h6>Whatsapp<\/h6>\n<p>(+57) 304 357 2292<br \/>\n(+57) 315 899 6518[\/vc_column_text][\/vc_column][vc_column width=&#8221;1\/4&#8243;][vc_column_text css=&#8221;&#8221; el_class=&#8221;info-text-pie&#8221;]<\/p>\n<h6>O\ufb01cina Bogot\u00e1<\/h6>\n<p>Avenida Cra 45 # 106 &#8211; 71[\/vc_column_text][\/vc_column][\/vc_row][\/vc_section]<\/p>\n<\/div>","protected":false},"excerpt":{"rendered":"<p>[vc_section full_width=&#8221;stretch_row_content&#8221; content_placement=&#8221;bottom&#8221; el_class=&#8221;head-landings&#8221; css=&#8221;.vc_custom_1761165442730{margin-top: 0px !important;margin-bottom: 0px !important;padding-top: 0px !important;padding-bottom: 0px !important;background-image: url(https:\/\/econtainers.co\/landings\/wp-content\/uploads\/2025\/10\/fondo-oficinas-en-contenedores.jpg?id=3143) !important;background-position: center !important;background-repeat: no-repeat !important;background-size: cover !important;}&#8221;][vc_row el_class=&#8221;content-landings row-text-hero&#8221;][vc_column width=&#8221;7\/12&#8243;][vc_column_text css=&#8221;&#8221;] CONVIERTE TU IDEA EN UN ESPACIO REAL Dise\u00f1amos y transformamos contenedores mar\u00edtimos en espacios modernos, sostenibles y funcionales.[\/vc_column_text][\/vc_column][vc_column width=&#8221;5\/12&#8243;][\/vc_column][\/vc_row][\/vc_section][vc_section full_width=&#8221;stretch_row_content&#8221; content_placement=&#8221;middle&#8221; css=&#8221;.vc_custom_1760634473053{margin-top: 0px !important;margin-bottom: 0px !important;padding-top: 0px !important;padding-bottom: 0px !important;}&#8221; [&hellip;]<\/p>\n","protected":false},"author":1,"featured_media":0,"parent":0,"menu_order":0,"comment_status":"closed","ping_status":"closed","template":"lps-2025.php","meta":[],"_links":{"self":[{"href":"https:\/\/econtainers.co\/landings\/wp-json\/wp\/v2\/pages\/3118"}],"collection":[{"href":"https:\/\/econtainers.co\/landings\/wp-json\/wp\/v2\/pages"}],"about":[{"href":"https:\/\/econtainers.co\/landings\/wp-json\/wp\/v2\/types\/page"}],"author":[{"embeddable":true,"href":"https:\/\/econtainers.co\/landings\/wp-json\/wp\/v2\/users\/1"}],"replies":[{"embeddable":true,"href":"https:\/\/econtainers.co\/landings\/wp-json\/wp\/v2\/comments?post=3118"}],"version-history":[{"count":41,"href":"https:\/\/econtainers.co\/landings\/wp-json\/wp\/v2\/pages\/3118\/revisions"}],"predecessor-version":[{"id":3406,"href":"https:\/\/econtainers.co\/landings\/wp-json\/wp\/v2\/pages\/3118\/revisions\/3406"}],"wp:attachment":[{"href":"https:\/\/econtainers.co\/landings\/wp-json\/wp\/v2\/media?parent=3118"}],"curies":[{"name":"wp","href":"https:\/\/api.w.org\/{rel}","templated":true}]}}